{"id":32658,"date":"2024-03-12T14:49:09","date_gmt":"2024-03-12T13:49:09","guid":{"rendered":"https:\/\/www.promotio.sk\/shop\/nezaraden\u00e9\/enix\/"},"modified":"2024-03-12T15:16:22","modified_gmt":"2024-03-12T14:16:22","slug":"enix","status":"publish","type":"product","link":"https:\/\/www.promotio.sk\/cs\/shop\/promo-clothing\/workwear\/highvis\/enix\/","title":{"rendered":"ENIX"},"content":{"rendered":"<p>Dlouh\u00e9 kalhoty s pod\u0161\u00edvkou a vysokou viditelnost\u00ed a v\u00edce kapsami.<br \/>\n\u00b7 Fl\u00edsov\u00e1 pod\u0161\u00edvka.<br \/>\n\u00b7 Kontrastn\u00ed fluorov\u00e9 detaily na kaps\u00e1ch.<br \/>\n\u00b7 Elastick\u00fd pas vzadu.<br \/>\n\u00b7 Dv\u011b p\u0159edn\u00ed kapsy.<br \/>\n\u00b7 Dv\u011b zadn\u00ed kapsy s klopou a zap\u00edn\u00e1n\u00edm na such\u00fd zip.<br \/>\n\u00b7 Dv\u011b bo\u010dn\u00ed skl\u00e1dan\u00e9 kapsy s klopou a such\u00fdm zipem<br \/>\n  upevn\u011bn\u00ed.<br \/>\n\u00b7 Dvoubarevn\u00e1 kombinace a horizont\u00e1ln\u00ed vysok\u00fd<br \/>\n   prou\u017eky viditelnosti.<br \/>Slo\u017een\u00ed: Dv\u011b vrstvy:<br \/>\nVn\u011bj\u0161\u00ed vrstva: polyester 80% a bavlna 20%, kepr 235 g\/m\u00b2.<br \/>\nPod\u0161\u00edvka: fleecov\u00fd polyester 100%, 185 g\/m\u00b2.<br \/>\n<br \/>Pozn\u00e1mky: Shoda s normami CE dle n\u00e1sleduj\u00edc\u00edch norem: EN ISO 13688:2013\/A1:2021 a EN ISO 20471:2013\/A1:2017.<br \/>\nT\u0159\u00edda I.<\/p>","protected":false},"excerpt":{"rendered":"<p>Lined high-visibility multipocket long trousers. \u00b7 Fleece lining. \u00b7 Contrasting fluor details in pockets. \u00b7 Back elastic waistband. \u00b7 Two<\/p>","protected":false},"featured_media":32659,"comment_status":"open","ping_status":"closed","template":"","meta":[],"product_cat":[565,563],"product_tag":[],"class_list":{"0":"post-32658","1":"product","2":"type-product","3":"status-publish","4":"has-post-thumbnail","6":"product_cat-highvis","7":"product_cat-workwear","9":"first","10":"outofstock","11":"shipping-taxable","12":"purchasable","13":"product-type-variable"},"_links":{"self":[{"href":"https:\/\/www.promotio.sk\/cs\/wp-json\/wp\/v2\/product\/32658","targetHints":{"allow":["GET"]}}],"collection":[{"href":"https:\/\/www.promotio.sk\/cs\/wp-json\/wp\/v2\/product"}],"about":[{"href":"https:\/\/www.promotio.sk\/cs\/wp-json\/wp\/v2\/types\/product"}],"replies":[{"embeddable":true,"href":"https:\/\/www.promotio.sk\/cs\/wp-json\/wp\/v2\/comments?post=32658"}],"wp:featuredmedia":[{"embeddable":true,"href":"https:\/\/www.promotio.sk\/cs\/wp-json\/wp\/v2\/media\/32659"}],"wp:attachment":[{"href":"https:\/\/www.promotio.sk\/cs\/wp-json\/wp\/v2\/media?parent=32658"}],"wp:term":[{"taxonomy":"product_cat","embeddable":true,"href":"https:\/\/www.promotio.sk\/cs\/wp-json\/wp\/v2\/product_cat?post=32658"},{"taxonomy":"product_tag","embeddable":true,"href":"https:\/\/www.promotio.sk\/cs\/wp-json\/wp\/v2\/product_tag?post=32658"}],"curies":[{"name":"wp","href":"https:\/\/api.w.org\/{rel}","templated":true}]}}