{"id":32604,"date":"2024-03-12T14:45:19","date_gmt":"2024-03-12T13:45:19","guid":{"rendered":"https:\/\/www.promotio.sk\/shop\/nezaraden\u00e9\/merak\/"},"modified":"2024-03-12T14:49:07","modified_gmt":"2024-03-12T13:49:07","slug":"merak","status":"publish","type":"product","link":"https:\/\/www.promotio.sk\/cs\/shop\/promo-clothing\/workwear\/highvis\/merak\/","title":{"rendered":"MERAK"},"content":{"rendered":"<p>Kombinovan\u00e1 a polstrovan\u00e1 parka s vysokou viditelnost\u00ed.<br \/>\n\u00b7 Nepromokav\u00e1 tkanina s tepeln\u011b sva\u0159en\u00fdmi \u0161vy.<br \/>\n\u00b7 Skl\u00e1dac\u00ed kapuce s nastavitelnou stahovac\u00ed \u0161\u0148\u016frkou.<br \/>\n\u00b7 Dva horizont\u00e1ln\u00ed prou\u017eky s vysokou viditelnost\u00ed na hrudi a<br \/>\n  ruk\u00e1vy a vertik\u00e1ln\u00ed na ramenou.<br \/>\n\u00b7 N\u00e1prsn\u00ed kapsa s klopou, such\u00fdm zipem a identifika\u010dn\u00edm odznakem.<br \/>\n\u00b7 Dv\u011b p\u0159edn\u00ed kapsy s klopou.<br \/>\n\u00b7 Vnit\u0159n\u00ed kapsa se zipem.<br \/>\n\u00b7 Skryt\u00e9 \u017eebrovan\u00e9 man\u017eety 1\u00d71.<br \/>\n\u00b7 P\u0159edn\u00ed zap\u00edn\u00e1n\u00ed s kovov\u00fdmi knofl\u00edky a dvojit\u00fdm zap\u00edn\u00e1n\u00edm<br \/>\n   p\u0159edn\u00ed zip.<br \/>\n\u00b7 Vnit\u0159n\u00ed p\u0159\u00edstup pro s\u00edtotisk.<\/p>\n<p>Slo\u017een\u00ed: Vn\u011bj\u0161\u00ed vrstva: vod\u011bodoln\u00fd laminovan\u00fd polyester 100%.<br \/>\nPod\u0161\u00edvka: 100% polyester.<br \/>\nV\u00fdpl\u0148: polyester 100%.<br \/>\n365 g\/m\u00b2.<br \/>\n<br \/>Pozn\u00e1mky: Shoda s normami CE dle n\u00e1sleduj\u00edc\u00edch norem: EN ISO 13688:2013\/A1:2021<br \/>\n\u010cSN EN ISO 20471:2013\/A1:2017.<br \/>\nUNE-EN 343:2019. T\u0159\u00edda 3_1<br \/>\nUNE-EN 14058:2017. T\u0159\u00edda 4_2_0,24_WP<br \/>\nT\u0159\u00edda II: 221 \u2013 55221 \u2013 55223 \u2013 52221 \u2013 23221.<\/p>","protected":false},"excerpt":{"rendered":"<p>Combined and padded high-visibility parka. \u00b7 Waterproof fabric with heat-sealed seams. \u00b7 Foldable hood with adjustable drawcord. \u00b7 Two horizontal<\/p>","protected":false},"featured_media":32605,"comment_status":"open","ping_status":"closed","template":"","meta":[],"product_cat":[565,563],"product_tag":[],"class_list":{"0":"post-32604","1":"product","2":"type-product","3":"status-publish","4":"has-post-thumbnail","6":"product_cat-highvis","7":"product_cat-workwear","9":"first","10":"instock","11":"shipping-taxable","12":"purchasable","13":"product-type-variable"},"_links":{"self":[{"href":"https:\/\/www.promotio.sk\/cs\/wp-json\/wp\/v2\/product\/32604","targetHints":{"allow":["GET"]}}],"collection":[{"href":"https:\/\/www.promotio.sk\/cs\/wp-json\/wp\/v2\/product"}],"about":[{"href":"https:\/\/www.promotio.sk\/cs\/wp-json\/wp\/v2\/types\/product"}],"replies":[{"embeddable":true,"href":"https:\/\/www.promotio.sk\/cs\/wp-json\/wp\/v2\/comments?post=32604"}],"wp:featuredmedia":[{"embeddable":true,"href":"https:\/\/www.promotio.sk\/cs\/wp-json\/wp\/v2\/media\/32605"}],"wp:attachment":[{"href":"https:\/\/www.promotio.sk\/cs\/wp-json\/wp\/v2\/media?parent=32604"}],"wp:term":[{"taxonomy":"product_cat","embeddable":true,"href":"https:\/\/www.promotio.sk\/cs\/wp-json\/wp\/v2\/product_cat?post=32604"},{"taxonomy":"product_tag","embeddable":true,"href":"https:\/\/www.promotio.sk\/cs\/wp-json\/wp\/v2\/product_tag?post=32604"}],"curies":[{"name":"wp","href":"https:\/\/api.w.org\/{rel}","templated":true}]}}