{"id":32389,"date":"2024-03-12T14:30:31","date_gmt":"2024-03-12T13:30:31","guid":{"rendered":"https:\/\/www.promotio.sk\/shop\/nezaraden\u00e9\/vega-ls\/"},"modified":"2024-03-12T14:31:25","modified_gmt":"2024-03-12T13:31:25","slug":"vega-ls","status":"publish","type":"product","link":"https:\/\/www.promotio.sk\/cs\/shop\/promo-clothing\/workwear\/highvis\/vega-ls\/","title":{"rendered":"VEGA LS"},"content":{"rendered":"<p>Reflexn\u00ed polo tri\u010dko s dlouh\u00fdm ruk\u00e1vem z technick\u00e9 tkaniny.<br \/>\n\u00b7 \u017debrovan\u00e1 tkanina 1\u00d71 na l\u00edmci a man\u017eet\u00e1ch.<br \/>\n\u00b7 Dva segmentovan\u00e9 prou\u017eky s vysokou viditelnost\u00ed na hrudi a<br \/>\n   zadn\u00ed.<br \/>\n\u00b7 Kontrastn\u00ed zap\u00edn\u00e1n\u00ed na 3 knofl\u00edky.<br \/>\n\u00b7 Nezadrh\u00e1vaj\u00edc\u00ed se a snadno schnouc\u00ed tkanina.<br \/>Slo\u017een\u00ed: 100% polyester s efektem pta\u010d\u00edho oka, 170 g\/m\u00b2.<br \/>Pozn\u00e1mky: *Odn\u00edmateln\u00fd \u0161t\u00edtek.<br \/>\n* Voliteln\u00e1 kapsa.<br \/>\nShoda s CE dle n\u00e1sleduj\u00edc\u00edch norem:<br \/>\nEN ISO 13688:2013\/A1:2021<br \/>\n\u010cSN EN ISO 20471:2013\/A1:2017.<br \/>\nT\u0159\u00edda I.<\/p>","protected":false},"excerpt":{"rendered":"<p>High-visibility long-sleeve polo shirt in technical fabric. \u00b7 1&#215;1 ribbed fabric in collar and cuffs. \u00b7 Two segmented high-visibility strips<\/p>","protected":false},"featured_media":32390,"comment_status":"open","ping_status":"closed","template":"","meta":[],"product_cat":[565,563],"product_tag":[],"class_list":{"0":"post-32389","1":"product","2":"type-product","3":"status-publish","4":"has-post-thumbnail","6":"product_cat-highvis","7":"product_cat-workwear","9":"first","10":"instock","11":"shipping-taxable","12":"purchasable","13":"product-type-variable"},"_links":{"self":[{"href":"https:\/\/www.promotio.sk\/cs\/wp-json\/wp\/v2\/product\/32389","targetHints":{"allow":["GET"]}}],"collection":[{"href":"https:\/\/www.promotio.sk\/cs\/wp-json\/wp\/v2\/product"}],"about":[{"href":"https:\/\/www.promotio.sk\/cs\/wp-json\/wp\/v2\/types\/product"}],"replies":[{"embeddable":true,"href":"https:\/\/www.promotio.sk\/cs\/wp-json\/wp\/v2\/comments?post=32389"}],"wp:featuredmedia":[{"embeddable":true,"href":"https:\/\/www.promotio.sk\/cs\/wp-json\/wp\/v2\/media\/32390"}],"wp:attachment":[{"href":"https:\/\/www.promotio.sk\/cs\/wp-json\/wp\/v2\/media?parent=32389"}],"wp:term":[{"taxonomy":"product_cat","embeddable":true,"href":"https:\/\/www.promotio.sk\/cs\/wp-json\/wp\/v2\/product_cat?post=32389"},{"taxonomy":"product_tag","embeddable":true,"href":"https:\/\/www.promotio.sk\/cs\/wp-json\/wp\/v2\/product_tag?post=32389"}],"curies":[{"name":"wp","href":"https:\/\/api.w.org\/{rel}","templated":true}]}}