{"id":32323,"date":"2024-03-12T14:25:16","date_gmt":"2024-03-12T13:25:16","guid":{"rendered":"https:\/\/www.promotio.sk\/shop\/nezaraden\u00e9\/spica\/"},"modified":"2024-03-12T14:28:50","modified_gmt":"2024-03-12T13:28:50","slug":"spica","status":"publish","type":"product","link":"https:\/\/www.promotio.sk\/cs\/shop\/promo-clothing\/workwear\/highvis\/spica\/","title":{"rendered":"\u0160PICA"},"content":{"rendered":"<p>V\u00fdstra\u017en\u00fd svetr s polovi\u010dn\u00edmi zipy<br \/>\n\u00b7 Vysok\u00fd l\u00edmec s ochranou brady a stahovac\u00edm p\u00e1skem.<br \/>\n\u00b7 Zes\u00edlen\u00e9 kryt\u00e9 \u0161vy na vnit\u0159n\u00edm l\u00edmci.<br \/>\n\u00b7 Dva horizont\u00e1ln\u00ed prou\u017eky s vysokou viditelnost\u00ed na hrudi a<br \/>\n   ruk\u00e1vy.<br \/>\n\u00b7 \u017debrovan\u00e1 tkanina 1\u00d71 na man\u017eet\u00e1ch a lemu.<br \/>Slo\u017een\u00ed: polyester 100%, kart\u00e1\u010dovan\u00fd fleece, 280 g\/m\u00b2.<br \/>Pozn\u00e1mky: \u00b7 Odn\u00edmateln\u00e1 etiketa.<br \/>\nCE certifikov\u00e1no podle:<br \/>\nEN ISO 13688:2013\/A1:2021<br \/>\n\u010cSN EN ISO 20471:2013\/A1:2017<br \/>\nT\u0159\u00edda II.<\/p>","protected":false},"excerpt":{"rendered":"<p>High-visibility sweater with half zip \u00b7 High collar with chin protector and puller. \u00b7 Reinforced covered seams on inner collar.<\/p>","protected":false},"featured_media":32324,"comment_status":"open","ping_status":"closed","template":"","meta":[],"product_cat":[565,563],"product_tag":[],"class_list":{"0":"post-32323","1":"product","2":"type-product","3":"status-publish","4":"has-post-thumbnail","6":"product_cat-highvis","7":"product_cat-workwear","9":"first","10":"instock","11":"shipping-taxable","12":"purchasable","13":"product-type-variable"},"_links":{"self":[{"href":"https:\/\/www.promotio.sk\/cs\/wp-json\/wp\/v2\/product\/32323","targetHints":{"allow":["GET"]}}],"collection":[{"href":"https:\/\/www.promotio.sk\/cs\/wp-json\/wp\/v2\/product"}],"about":[{"href":"https:\/\/www.promotio.sk\/cs\/wp-json\/wp\/v2\/types\/product"}],"replies":[{"embeddable":true,"href":"https:\/\/www.promotio.sk\/cs\/wp-json\/wp\/v2\/comments?post=32323"}],"wp:featuredmedia":[{"embeddable":true,"href":"https:\/\/www.promotio.sk\/cs\/wp-json\/wp\/v2\/media\/32324"}],"wp:attachment":[{"href":"https:\/\/www.promotio.sk\/cs\/wp-json\/wp\/v2\/media?parent=32323"}],"wp:term":[{"taxonomy":"product_cat","embeddable":true,"href":"https:\/\/www.promotio.sk\/cs\/wp-json\/wp\/v2\/product_cat?post=32323"},{"taxonomy":"product_tag","embeddable":true,"href":"https:\/\/www.promotio.sk\/cs\/wp-json\/wp\/v2\/product_tag?post=32323"}],"curies":[{"name":"wp","href":"https:\/\/api.w.org\/{rel}","templated":true}]}}