{"id":32301,"date":"2024-03-12T14:23:03","date_gmt":"2024-03-12T13:23:03","guid":{"rendered":"https:\/\/www.promotio.sk\/shop\/nezaraden\u00e9\/persei\/"},"modified":"2024-03-12T14:25:12","modified_gmt":"2024-03-12T13:25:12","slug":"persei","status":"publish","type":"product","link":"https:\/\/www.promotio.sk\/cs\/shop\/promo-clothing\/workwear\/highvis\/persei\/","title":{"rendered":"PERSEJ"},"content":{"rendered":"<p>Two-sided high-visibility vest with multipockets and high collar.<br \/>\nMultipocket vest.<br \/>\n\u00b7 Front zip with two-sided puller.<br \/>\n\u00b7 Right side outer pocket for the mobile.<br \/>\n\u00b7 Two pleated front pockets with side slits.<br \/>\n\u00b7 Dv\u011b kapsy na pero.<br \/>\n\u00b7 Kapsa na zip.<br \/>\n\u00b7 V\u011btruvzdorn\u00e9 kalhoty s man\u017eetami.<br \/>\n\u00b7 Tail shirt hem.<br \/>\n\u00b7 Elastic adjuster.<br \/>\n\u00b7 High-visibility vest.<br \/>\n\u00b7 Fluor colour.<br \/>\n\u00b7 Dva horizont\u00e1ln\u00ed prou\u017eky s vysokou viditelnost\u00ed.<br \/>Composition: Shell: 100% polyester, taffeta.<br \/>\nPadding: 100% polyester.<br \/>\nFluor fabric: 100% single jersey polyester.<br \/>\n450 gsm.<br \/>Pozn\u00e1mky: \u00b7 Odn\u00edmateln\u00e1 etiketa.<br \/>\nCE certifikov\u00e1no podle:<br \/>\nEN ISO 13688:2013\/A1:2021<br \/>\n\u010cSN EN ISO 20471:2013\/A1:2017<br \/>\nT\u0159\u00edda I.<\/p>","protected":false},"excerpt":{"rendered":"<p>Two-sided high-visibility vest with multipockets and high collar. Multipocket vest. \u00b7 Front zip with two-sided puller. \u00b7 Right side outer<\/p>","protected":false},"featured_media":32302,"comment_status":"open","ping_status":"closed","template":"","meta":[],"product_cat":[565,563],"product_tag":[],"class_list":{"0":"post-32301","1":"product","2":"type-product","3":"status-publish","4":"has-post-thumbnail","6":"product_cat-highvis","7":"product_cat-workwear","9":"first","10":"instock","11":"shipping-taxable","12":"purchasable","13":"product-type-variable"},"_links":{"self":[{"href":"https:\/\/www.promotio.sk\/cs\/wp-json\/wp\/v2\/product\/32301","targetHints":{"allow":["GET"]}}],"collection":[{"href":"https:\/\/www.promotio.sk\/cs\/wp-json\/wp\/v2\/product"}],"about":[{"href":"https:\/\/www.promotio.sk\/cs\/wp-json\/wp\/v2\/types\/product"}],"replies":[{"embeddable":true,"href":"https:\/\/www.promotio.sk\/cs\/wp-json\/wp\/v2\/comments?post=32301"}],"wp:featuredmedia":[{"embeddable":true,"href":"https:\/\/www.promotio.sk\/cs\/wp-json\/wp\/v2\/media\/32302"}],"wp:attachment":[{"href":"https:\/\/www.promotio.sk\/cs\/wp-json\/wp\/v2\/media?parent=32301"}],"wp:term":[{"taxonomy":"product_cat","embeddable":true,"href":"https:\/\/www.promotio.sk\/cs\/wp-json\/wp\/v2\/product_cat?post=32301"},{"taxonomy":"product_tag","embeddable":true,"href":"https:\/\/www.promotio.sk\/cs\/wp-json\/wp\/v2\/product_tag?post=32301"}],"curies":[{"name":"wp","href":"https:\/\/api.w.org\/{rel}","templated":true}]}}