{"id":32238,"date":"2024-03-12T14:18:08","date_gmt":"2024-03-12T13:18:08","guid":{"rendered":"https:\/\/www.promotio.sk\/shop\/nezaraden\u00e9\/daily-stretch-hv\/"},"modified":"2024-03-12T14:22:58","modified_gmt":"2024-03-12T13:22:58","slug":"daily-stretch-hv","status":"publish","type":"product","link":"https:\/\/www.promotio.sk\/cs\/shop\/promo-clothing\/workwear\/highvis\/daily-stretch-hv\/","title":{"rendered":"DENN\u00cd PROTA\u017dEN\u00cd HV"},"content":{"rendered":"<p>High-visibility multipocket long trousers.<br \/>\n\u00b7 Pohodln\u00e1 a nastaviteln\u00e1 l\u00e1tka.<br \/>\n\u00b7 Elastick\u00fd pas vzadu.<br \/>\n\u00b7 Dv\u011b p\u0159edn\u00ed kapsy.<br \/>\n\u00b7 Dv\u011b zadn\u00ed kapsy s klopou a zap\u00edn\u00e1n\u00edm na such\u00fd zip.<br \/>\n\u00b7 Dv\u011b bo\u010dn\u00ed skl\u00e1dan\u00e9 kapsy s klopou a such\u00fdm zipem<br \/>\n   upevn\u011bn\u00ed.<br \/>\n\u00b7 Two-colour combination with horizontal high-<br \/>\n   prou\u017eky viditelnosti.<br \/>Composition: 65% cotton \/ 33% polyester \/ 2% elastane, 250 gsm twill.<br \/>Remarks: *CE certification according to EN ISO 13688:2013\/A1:2021 and EN ISO 20471:2013\/A1:2017 standards.<br \/>\n*I. t\u0159\u00edda.<\/p>","protected":false},"excerpt":{"rendered":"<p>High-visibility multipocket long trousers. \u00b7 Comfortable and adjustable fabric. \u00b7 Back elastic waistband. \u00b7 Two front pockets. \u00b7 Two back<\/p>","protected":false},"featured_media":32239,"comment_status":"open","ping_status":"closed","template":"","meta":[],"product_cat":[565,563],"product_tag":[],"class_list":{"0":"post-32238","1":"product","2":"type-product","3":"status-publish","4":"has-post-thumbnail","6":"product_cat-highvis","7":"product_cat-workwear","9":"first","10":"instock","11":"shipping-taxable","12":"purchasable","13":"product-type-variable"},"_links":{"self":[{"href":"https:\/\/www.promotio.sk\/cs\/wp-json\/wp\/v2\/product\/32238","targetHints":{"allow":["GET"]}}],"collection":[{"href":"https:\/\/www.promotio.sk\/cs\/wp-json\/wp\/v2\/product"}],"about":[{"href":"https:\/\/www.promotio.sk\/cs\/wp-json\/wp\/v2\/types\/product"}],"replies":[{"embeddable":true,"href":"https:\/\/www.promotio.sk\/cs\/wp-json\/wp\/v2\/comments?post=32238"}],"wp:featuredmedia":[{"embeddable":true,"href":"https:\/\/www.promotio.sk\/cs\/wp-json\/wp\/v2\/media\/32239"}],"wp:attachment":[{"href":"https:\/\/www.promotio.sk\/cs\/wp-json\/wp\/v2\/media?parent=32238"}],"wp:term":[{"taxonomy":"product_cat","embeddable":true,"href":"https:\/\/www.promotio.sk\/cs\/wp-json\/wp\/v2\/product_cat?post=32238"},{"taxonomy":"product_tag","embeddable":true,"href":"https:\/\/www.promotio.sk\/cs\/wp-json\/wp\/v2\/product_tag?post=32238"}],"curies":[{"name":"wp","href":"https:\/\/api.w.org\/{rel}","templated":true}]}}