{"id":32157,"date":"2024-03-12T14:11:36","date_gmt":"2024-03-12T13:11:36","guid":{"rendered":"https:\/\/www.promotio.sk\/shop\/nezaraden\u00e9\/alfa\/"},"modified":"2024-03-12T14:13:45","modified_gmt":"2024-03-12T13:13:45","slug":"alfa","status":"publish","type":"product","link":"https:\/\/www.promotio.sk\/cs\/shop\/promo-clothing\/workwear\/highvis\/alfa\/","title":{"rendered":"ALFA"},"content":{"rendered":"<p>Dlouh\u00e9 kalhoty s vysokou viditelnost\u00ed ve fluorescen\u010dn\u011b \u017elut\u00e9 barv\u011b.<br \/>\n\u00b7 Nastaviteln\u00fd elastick\u00fd pas vzadu.<br \/>\n\u00b7 Dv\u011b p\u0159edn\u00ed kapsy.<br \/>\n\u00b7 Funk\u010dn\u00ed zadn\u00ed kapsa s klopou a zap\u00edn\u00e1n\u00edm na such\u00fd zip.<br \/>\n\u00b7 Dv\u011b bo\u010dn\u00ed kapsy s obr\u00e1cen\u00fdm skladem, klopou a zap\u00edn\u00e1n\u00edm na such\u00fd zip.<br \/>\n\u00b7 Dva vodorovn\u00e9 reflexn\u00ed prou\u017eky.<br \/>Slo\u017een\u00ed: 80% polyester \/ 20% bavlna, kepr 235 g\/m\u00b2.<br \/>Pozn\u00e1mky: Certifikace CE dle norem:<br \/>\nEN ISO 13688:2013\/A1:2021<br \/>\n\u010cSN EN ISO 20471:2013\/A1:2017<br \/>\nT\u0159\u00edda II<br \/>\n*Vysok\u00e1 viditelnost.<\/p>","protected":false},"excerpt":{"rendered":"<p>High-visibility long trousers in fluor yellow. \u00b7 Adjustable elastic waistband at the back. \u00b7 Two front pockets. \u00b7 Functional back<\/p>","protected":false},"featured_media":32158,"comment_status":"open","ping_status":"closed","template":"","meta":[],"product_cat":[565,563],"product_tag":[],"class_list":{"0":"post-32157","1":"product","2":"type-product","3":"status-publish","4":"has-post-thumbnail","6":"product_cat-highvis","7":"product_cat-workwear","9":"first","10":"instock","11":"shipping-taxable","12":"purchasable","13":"product-type-variable"},"_links":{"self":[{"href":"https:\/\/www.promotio.sk\/cs\/wp-json\/wp\/v2\/product\/32157","targetHints":{"allow":["GET"]}}],"collection":[{"href":"https:\/\/www.promotio.sk\/cs\/wp-json\/wp\/v2\/product"}],"about":[{"href":"https:\/\/www.promotio.sk\/cs\/wp-json\/wp\/v2\/types\/product"}],"replies":[{"embeddable":true,"href":"https:\/\/www.promotio.sk\/cs\/wp-json\/wp\/v2\/comments?post=32157"}],"wp:featuredmedia":[{"embeddable":true,"href":"https:\/\/www.promotio.sk\/cs\/wp-json\/wp\/v2\/media\/32158"}],"wp:attachment":[{"href":"https:\/\/www.promotio.sk\/cs\/wp-json\/wp\/v2\/media?parent=32157"}],"wp:term":[{"taxonomy":"product_cat","embeddable":true,"href":"https:\/\/www.promotio.sk\/cs\/wp-json\/wp\/v2\/product_cat?post=32157"},{"taxonomy":"product_tag","embeddable":true,"href":"https:\/\/www.promotio.sk\/cs\/wp-json\/wp\/v2\/product_tag?post=32157"}],"curies":[{"name":"wp","href":"https:\/\/api.w.org\/{rel}","templated":true}]}}