{"id":32107,"date":"2024-03-12T14:07:34","date_gmt":"2024-03-12T13:07:34","guid":{"rendered":"https:\/\/www.promotio.sk\/shop\/nezaraden\u00e9\/daily-hv\/"},"modified":"2024-03-12T14:11:32","modified_gmt":"2024-03-12T13:11:32","slug":"daily-hv","status":"publish","type":"product","link":"https:\/\/www.promotio.sk\/cs\/shop\/promo-clothing\/workwear\/highvis\/daily-hv\/","title":{"rendered":"DENN\u00cd HV"},"content":{"rendered":"<p>No\u010dn\u00ed dlouh\u00e9 kalhoty s vysokou viditelnost\u00ed z odoln\u00e9 tkaniny.<br \/>\n\u00b7 Nastaviteln\u00fd elastick\u00fd pas vzadu.<br \/>\n\u00b7 Dv\u011b p\u0159edn\u00ed kapsy.<br \/>\n\u00b7 Zadn\u00ed funk\u010dn\u00ed kapsa s klopou a zap\u00edn\u00e1n\u00edm na such\u00fd zip.<br \/>\n\u00b7 Dv\u011b bo\u010dn\u00ed kapsy s klopou a zap\u00edn\u00e1n\u00edm na such\u00fd zip.<br \/>\n\u00b7 Zes\u00edlen\u00e1 vnit\u0159n\u00ed strana stehen.<br \/>\n\u00b7 Dvojit\u00e1 tkanina v kolenn\u00edch chr\u00e1ni\u010d\u00edch.<br \/>\n\u00b7 Dva horizont\u00e1ln\u00ed prou\u017eky s vysokou viditelnost\u00ed. <br \/>Slo\u017een\u00ed: 65% polyester \/ 35% bavlna, 240 gsm kepr.<br \/>Pozn\u00e1mky: * Nov\u00fd p\u0159\u00edr\u016fstek: zes\u00edlen\u00e1 z\u00e1da.<br \/>\nCE certifikov\u00e1no podle:<br \/>\nEN ISO 13688:2013\/A1:2021<br \/>\nEN17353:2020<br \/>\nT\u0159\u00edda B2.<\/p>","protected":false},"excerpt":{"rendered":"<p>Night high-visibility long trousers in resistant fabric. \u00b7 Adjustable elastic waist at the back. \u00b7 Two front pockets. \u00b7 Back<\/p>","protected":false},"featured_media":32108,"comment_status":"open","ping_status":"closed","template":"","meta":[],"product_cat":[565,563],"product_tag":[],"class_list":{"0":"post-32107","1":"product","2":"type-product","3":"status-publish","4":"has-post-thumbnail","6":"product_cat-highvis","7":"product_cat-workwear","9":"first","10":"instock","11":"shipping-taxable","12":"purchasable","13":"product-type-variable"},"_links":{"self":[{"href":"https:\/\/www.promotio.sk\/cs\/wp-json\/wp\/v2\/product\/32107","targetHints":{"allow":["GET"]}}],"collection":[{"href":"https:\/\/www.promotio.sk\/cs\/wp-json\/wp\/v2\/product"}],"about":[{"href":"https:\/\/www.promotio.sk\/cs\/wp-json\/wp\/v2\/types\/product"}],"replies":[{"embeddable":true,"href":"https:\/\/www.promotio.sk\/cs\/wp-json\/wp\/v2\/comments?post=32107"}],"wp:featuredmedia":[{"embeddable":true,"href":"https:\/\/www.promotio.sk\/cs\/wp-json\/wp\/v2\/media\/32108"}],"wp:attachment":[{"href":"https:\/\/www.promotio.sk\/cs\/wp-json\/wp\/v2\/media?parent=32107"}],"wp:term":[{"taxonomy":"product_cat","embeddable":true,"href":"https:\/\/www.promotio.sk\/cs\/wp-json\/wp\/v2\/product_cat?post=32107"},{"taxonomy":"product_tag","embeddable":true,"href":"https:\/\/www.promotio.sk\/cs\/wp-json\/wp\/v2\/product_tag?post=32107"}],"curies":[{"name":"wp","href":"https:\/\/api.w.org\/{rel}","templated":true}]}}