{"id":32058,"date":"2024-03-12T14:03:16","date_gmt":"2024-03-12T13:03:16","guid":{"rendered":"https:\/\/www.promotio.sk\/shop\/nezaraden\u00e9\/polaris-l-s\/"},"modified":"2024-03-12T14:07:30","modified_gmt":"2024-03-12T13:07:30","slug":"polaris-l-s","status":"publish","type":"product","link":"https:\/\/www.promotio.sk\/cs\/shop\/promo-clothing\/workwear\/highvis\/polaris-l-s\/","title":{"rendered":"POLARIS L\/S"},"content":{"rendered":"<p>Technick\u00e9 polo tri\u010dko s dlouh\u00fdm ruk\u00e1vem a vysokou viditelnost\u00ed.<br \/>\n\u00b7 1\u00d71 \u017eebrovan\u00fd l\u00edmec a man\u017eety.<br \/>\n\u00b7 Zap\u00edn\u00e1n\u00ed na 3 knofl\u00edky.<br \/>\nDva reflexn\u00ed prou\u017eky na ruk\u00e1vech, hrudi a z\u00e1dech.<br \/>\n\u00b7 Nezadrh\u00e1vaj\u00edc\u00ed se a snadno schnouc\u00ed tkanina.<br \/>Slo\u017een\u00ed: 100% polyesterov\u00e9 pik\u00e9, 170 g\/m\u00b2.<br \/>Pozn\u00e1mky: *Voliteln\u00e1 kapsa.<br \/>\nShoda s CE dle n\u00e1sleduj\u00edc\u00edch norem:<br \/>\nEN ISO 13688:2013\/A1:2021<br \/>\n\u010cSN EN ISO 20471:2013\/A1:2017.<br \/>\nT\u0159\u00edda II.<br \/>\n* Odn\u00edmateln\u00fd \u0161t\u00edtek.<br \/>\n*Vysok\u00e1 viditelnost.<\/p>","protected":false},"excerpt":{"rendered":"<p>Technical high-visibility long-sleeve polo shirt. \u00b7 1&#215;1 ribbed collar and cuffs. \u00b7 3-button placket. . Two reflective strips on sleeves,<\/p>","protected":false},"featured_media":32059,"comment_status":"open","ping_status":"closed","template":"","meta":[],"product_cat":[565,563],"product_tag":[],"class_list":{"0":"post-32058","1":"product","2":"type-product","3":"status-publish","4":"has-post-thumbnail","6":"product_cat-highvis","7":"product_cat-workwear","9":"first","10":"instock","11":"shipping-taxable","12":"purchasable","13":"product-type-variable"},"_links":{"self":[{"href":"https:\/\/www.promotio.sk\/cs\/wp-json\/wp\/v2\/product\/32058","targetHints":{"allow":["GET"]}}],"collection":[{"href":"https:\/\/www.promotio.sk\/cs\/wp-json\/wp\/v2\/product"}],"about":[{"href":"https:\/\/www.promotio.sk\/cs\/wp-json\/wp\/v2\/types\/product"}],"replies":[{"embeddable":true,"href":"https:\/\/www.promotio.sk\/cs\/wp-json\/wp\/v2\/comments?post=32058"}],"wp:featuredmedia":[{"embeddable":true,"href":"https:\/\/www.promotio.sk\/cs\/wp-json\/wp\/v2\/media\/32059"}],"wp:attachment":[{"href":"https:\/\/www.promotio.sk\/cs\/wp-json\/wp\/v2\/media?parent=32058"}],"wp:term":[{"taxonomy":"product_cat","embeddable":true,"href":"https:\/\/www.promotio.sk\/cs\/wp-json\/wp\/v2\/product_cat?post=32058"},{"taxonomy":"product_tag","embeddable":true,"href":"https:\/\/www.promotio.sk\/cs\/wp-json\/wp\/v2\/product_tag?post=32058"}],"curies":[{"name":"wp","href":"https:\/\/api.w.org\/{rel}","templated":true}]}}