{"id":31965,"date":"2024-03-12T13:55:12","date_gmt":"2024-03-12T12:55:12","guid":{"rendered":"https:\/\/www.promotio.sk\/shop\/nezaraden\u00e9\/epsylon\/"},"modified":"2024-03-12T13:58:20","modified_gmt":"2024-03-12T12:58:20","slug":"epsylon","status":"publish","type":"product","link":"https:\/\/www.promotio.sk\/cs\/shop\/promo-clothing\/workwear\/highvis\/epsylon\/","title":{"rendered":"EPSYLON"},"content":{"rendered":"<p>High-visibility parka combined in two colours. Water and wind-proof.<br \/>\n\u00b7 Two reflective strips on body and sleeves.<br \/>\n\u00b7 Foldable hood with fluor rib and adjustable drawcord.<br \/>\n\u00b7 Pocket on chest with zip.<br \/>\n\u00b7 Two slightly inclined and easily accessible front pockets.<br \/>\n\u00b7 Elastic strap on hem.<br \/>\n\u00b7 Adjustable cuffs with elastic and velcro fasteners.<br \/>\n\u00b7 Central placket with velcro fastening and central fluor zip with puller.<br \/>\n\u00b7 Inner zipper with easy access for screen printing.<br \/>\n\u00b7 Removable sleeves.<br \/>Slo\u017een\u00ed: Vn\u011bj\u0161\u00ed materi\u00e1l: vod\u011bodoln\u00fd polyester 100%.<br \/>\nLining: 100% polyester<br \/>\nV\u00fdpl\u0148: polyester 100%.<br \/>\n400 g\/m\u00b2.<br \/>Pozn\u00e1mky: Certifikace CE dle norem:<br \/>\nEN ISO 13688:2013\/A1:2021<br \/>\n\u010cSN EN ISO 20471:2013\/A1:2017.<br \/>\nT\u0159\u00edda II<br \/>\n*Vysok\u00e1 viditelnost.<br \/>\n*Vod\u011bodoln\u00fd.<br \/>\n*V\u011btruodoln\u00e9.<\/p>","protected":false},"excerpt":{"rendered":"<p>High-visibility parka combined in two colours. Water and wind-proof. \u00b7 Two reflective strips on body and sleeves. \u00b7 Foldable hood<\/p>","protected":false},"featured_media":31966,"comment_status":"open","ping_status":"closed","template":"","meta":[],"product_cat":[565,563],"product_tag":[],"class_list":{"0":"post-31965","1":"product","2":"type-product","3":"status-publish","4":"has-post-thumbnail","6":"product_cat-highvis","7":"product_cat-workwear","9":"first","10":"instock","11":"shipping-taxable","12":"purchasable","13":"product-type-variable"},"_links":{"self":[{"href":"https:\/\/www.promotio.sk\/cs\/wp-json\/wp\/v2\/product\/31965","targetHints":{"allow":["GET"]}}],"collection":[{"href":"https:\/\/www.promotio.sk\/cs\/wp-json\/wp\/v2\/product"}],"about":[{"href":"https:\/\/www.promotio.sk\/cs\/wp-json\/wp\/v2\/types\/product"}],"replies":[{"embeddable":true,"href":"https:\/\/www.promotio.sk\/cs\/wp-json\/wp\/v2\/comments?post=31965"}],"wp:featuredmedia":[{"embeddable":true,"href":"https:\/\/www.promotio.sk\/cs\/wp-json\/wp\/v2\/media\/31966"}],"wp:attachment":[{"href":"https:\/\/www.promotio.sk\/cs\/wp-json\/wp\/v2\/media?parent=31965"}],"wp:term":[{"taxonomy":"product_cat","embeddable":true,"href":"https:\/\/www.promotio.sk\/cs\/wp-json\/wp\/v2\/product_cat?post=31965"},{"taxonomy":"product_tag","embeddable":true,"href":"https:\/\/www.promotio.sk\/cs\/wp-json\/wp\/v2\/product_tag?post=31965"}],"curies":[{"name":"wp","href":"https:\/\/api.w.org\/{rel}","templated":true}]}}