{"id":31924,"date":"2024-03-12T13:51:19","date_gmt":"2024-03-12T12:51:19","guid":{"rendered":"https:\/\/www.promotio.sk\/shop\/nezaraden\u00e9\/antares\/"},"modified":"2024-03-12T13:55:05","modified_gmt":"2024-03-12T12:55:05","slug":"antares","status":"publish","type":"product","link":"https:\/\/www.promotio.sk\/cs\/shop\/promo-clothing\/workwear\/highvis\/antares\/","title":{"rendered":"ANTARES"},"content":{"rendered":"<p>Dvoubarevn\u00fd vysoce viditeln\u00fd softshellov\u00e1 mikina. Nepromokav\u00e1 a m\u011bkk\u00e1 vnit\u0159n\u00ed pod\u0161\u00edvka s vysokou tepelnou kapacitou.<br \/>\n\u00b7 Vysok\u00fd l\u00edmec s obr\u00e1cen\u00fdm zipem vp\u0159edu.<br \/>\n\u00b7 Dva reflexn\u00ed prou\u017eky na hrudi a ruk\u00e1vech.<br \/>\nT\u0159i vn\u011bj\u0161\u00ed kapsy.<br \/>\n\u00b7 Elastick\u00fd p\u00e1sek uvnit\u0159 lemu s regula\u010dn\u00edm jezdcem.<br \/>\n\u00b7 Zap\u00edn\u00e1n\u00ed na such\u00fd zip v man\u017eet\u00e1ch.<br \/>Slo\u017een\u00ed: T\u0159i vrstvy. Vn\u011bj\u0161\u00ed materi\u00e1l: polyester 92% \/ elastan 8%. Pod\u0161\u00edvka: mikrofleecov\u00fd polyester 100%, 320 g\/m\u00b2.<br \/>Pozn\u00e1mky: *Vysok\u00e1 viditelnost.<br \/>\n*Vodot\u011bsn\u00fd.<br \/>\n*V\u011btruodoln\u00e9.<\/p>\n<p>Shoda s CE dle norem:<br \/>\nEN ISO 13688:2013\/A1:2021<br \/>\n\u010cSN EN ISO 20471:2013\/A1:2017<br \/>\nT\u0159\u00edda II.<\/p>","protected":false},"excerpt":{"rendered":"<p>Two-colour high-visibility softshell. Waterproof and soft inner lining with high thermal capacity. \u00b7 High collar with front inverted zipper. \u00b7<\/p>","protected":false},"featured_media":31925,"comment_status":"open","ping_status":"closed","template":"","meta":[],"product_cat":[565,563],"product_tag":[],"class_list":{"0":"post-31924","1":"product","2":"type-product","3":"status-publish","4":"has-post-thumbnail","6":"product_cat-highvis","7":"product_cat-workwear","9":"first","10":"instock","11":"shipping-taxable","12":"purchasable","13":"product-type-variable"},"_links":{"self":[{"href":"https:\/\/www.promotio.sk\/cs\/wp-json\/wp\/v2\/product\/31924","targetHints":{"allow":["GET"]}}],"collection":[{"href":"https:\/\/www.promotio.sk\/cs\/wp-json\/wp\/v2\/product"}],"about":[{"href":"https:\/\/www.promotio.sk\/cs\/wp-json\/wp\/v2\/types\/product"}],"replies":[{"embeddable":true,"href":"https:\/\/www.promotio.sk\/cs\/wp-json\/wp\/v2\/comments?post=31924"}],"wp:featuredmedia":[{"embeddable":true,"href":"https:\/\/www.promotio.sk\/cs\/wp-json\/wp\/v2\/media\/31925"}],"wp:attachment":[{"href":"https:\/\/www.promotio.sk\/cs\/wp-json\/wp\/v2\/media?parent=31924"}],"wp:term":[{"taxonomy":"product_cat","embeddable":true,"href":"https:\/\/www.promotio.sk\/cs\/wp-json\/wp\/v2\/product_cat?post=31924"},{"taxonomy":"product_tag","embeddable":true,"href":"https:\/\/www.promotio.sk\/cs\/wp-json\/wp\/v2\/product_tag?post=31924"}],"curies":[{"name":"wp","href":"https:\/\/api.w.org\/{rel}","templated":true}]}}