{"id":31812,"date":"2024-03-12T13:41:46","date_gmt":"2024-03-12T12:41:46","guid":{"rendered":"https:\/\/www.promotio.sk\/shop\/nezaraden\u00e9\/soan\/"},"modified":"2024-03-12T13:47:20","modified_gmt":"2024-03-12T12:47:20","slug":"soan","status":"publish","type":"product","link":"https:\/\/www.promotio.sk\/cs\/shop\/promo-clothing\/workwear\/highvis\/soan\/","title":{"rendered":"SOAN"},"content":{"rendered":"<p>Zimn\u00ed kalhoty s v\u00edce kapsami a vysokou viditelnost\u00ed.<br \/>\n\u00b7 Elastick\u00fd pas na z\u00e1dech.<br \/>\n\u00b7 Dv\u011b zadn\u00ed klopov\u00e9 kapsy se zap\u00edn\u00e1n\u00edm na such\u00fd zip.<br \/>\n\u00b7 Dv\u011b p\u0159edn\u00ed kapsy a dv\u011b bo\u010dn\u00ed kapsy s kl\u00ednkem a klopou se zap\u00edn\u00e1n\u00edm na such\u00fd zip.<br \/>\n\u00b7 Dvoubarevn\u00e1 kombinace s reflexn\u00edmi vodorovn\u00fdmi prou\u017eky.<br \/>Slo\u017een\u00ed: 80% polyester \/ 20% bavlna, kepr 240 g\/m\u00b2.<br \/>Pozn\u00e1mky: *Certifikace CE dle norem: EN ISO 13688:2013\/A1:2021 a EN ISO 20471:2013\/A1:2017.<br \/>\n*I. t\u0159\u00edda.<br \/>\n*Vysok\u00e1 viditelnost.<\/p>","protected":false},"excerpt":{"rendered":"<p>Multi-pocket high-visibility winter trousers. \u00b7 Elastic waistband on the back. \u00b7 Two back flap pockets with velcro fastening. \u00b7 Two<\/p>","protected":false},"featured_media":31813,"comment_status":"open","ping_status":"closed","template":"","meta":[],"product_cat":[565,563],"product_tag":[],"class_list":{"0":"post-31812","1":"product","2":"type-product","3":"status-publish","4":"has-post-thumbnail","6":"product_cat-highvis","7":"product_cat-workwear","9":"first","10":"instock","11":"shipping-taxable","12":"purchasable","13":"product-type-variable"},"_links":{"self":[{"href":"https:\/\/www.promotio.sk\/cs\/wp-json\/wp\/v2\/product\/31812","targetHints":{"allow":["GET"]}}],"collection":[{"href":"https:\/\/www.promotio.sk\/cs\/wp-json\/wp\/v2\/product"}],"about":[{"href":"https:\/\/www.promotio.sk\/cs\/wp-json\/wp\/v2\/types\/product"}],"replies":[{"embeddable":true,"href":"https:\/\/www.promotio.sk\/cs\/wp-json\/wp\/v2\/comments?post=31812"}],"wp:featuredmedia":[{"embeddable":true,"href":"https:\/\/www.promotio.sk\/cs\/wp-json\/wp\/v2\/media\/31813"}],"wp:attachment":[{"href":"https:\/\/www.promotio.sk\/cs\/wp-json\/wp\/v2\/media?parent=31812"}],"wp:term":[{"taxonomy":"product_cat","embeddable":true,"href":"https:\/\/www.promotio.sk\/cs\/wp-json\/wp\/v2\/product_cat?post=31812"},{"taxonomy":"product_tag","embeddable":true,"href":"https:\/\/www.promotio.sk\/cs\/wp-json\/wp\/v2\/product_tag?post=31812"}],"curies":[{"name":"wp","href":"https:\/\/api.w.org\/{rel}","templated":true}]}}