{"id":31733,"date":"2024-03-12T13:34:53","date_gmt":"2024-03-12T12:34:53","guid":{"rendered":"https:\/\/www.promotio.sk\/shop\/nezaraden\u00e9\/lagasse\/"},"modified":"2024-03-12T13:36:28","modified_gmt":"2024-03-12T12:36:28","slug":"lagasse","status":"publish","type":"product","link":"https:\/\/www.promotio.sk\/cs\/shop\/promo-clothing\/workwear\/food\/lagasse\/","title":{"rendered":"LAGASSE"},"content":{"rendered":"<p>Klobouk ve vojensk\u00e9m stylu s prody\u0161nou s\u00ed\u0165ovinou naho\u0159e.<br \/>Slo\u017een\u00ed: polyester 65% \/ bavlna 35%, kepr 195 g\/m\u00b2.<br \/>Pozn\u00e1mky: * Odn\u00edmateln\u00fd \u0161t\u00edtek.<br \/>\n* Unisexov\u00fd model.<br \/>\n* Modely pro kan\u00e1l HORECA.<\/p>","protected":false},"excerpt":{"rendered":"<p>Military style hat with breathable mesh on the top.Composition: 65% polyester \/ 35% cotton, 195 gsm twill.Remarks: * Removable label.<\/p>","protected":false},"featured_media":31734,"comment_status":"open","ping_status":"closed","template":"","meta":[],"product_cat":[567,563],"product_tag":[],"class_list":{"0":"post-31733","1":"product","2":"type-product","3":"status-publish","4":"has-post-thumbnail","6":"product_cat-food","7":"product_cat-workwear","9":"first","10":"instock","11":"shipping-taxable","12":"purchasable","13":"product-type-variable"},"_links":{"self":[{"href":"https:\/\/www.promotio.sk\/cs\/wp-json\/wp\/v2\/product\/31733","targetHints":{"allow":["GET"]}}],"collection":[{"href":"https:\/\/www.promotio.sk\/cs\/wp-json\/wp\/v2\/product"}],"about":[{"href":"https:\/\/www.promotio.sk\/cs\/wp-json\/wp\/v2\/types\/product"}],"replies":[{"embeddable":true,"href":"https:\/\/www.promotio.sk\/cs\/wp-json\/wp\/v2\/comments?post=31733"}],"wp:featuredmedia":[{"embeddable":true,"href":"https:\/\/www.promotio.sk\/cs\/wp-json\/wp\/v2\/media\/31734"}],"wp:attachment":[{"href":"https:\/\/www.promotio.sk\/cs\/wp-json\/wp\/v2\/media?parent=31733"}],"wp:term":[{"taxonomy":"product_cat","embeddable":true,"href":"https:\/\/www.promotio.sk\/cs\/wp-json\/wp\/v2\/product_cat?post=31733"},{"taxonomy":"product_tag","embeddable":true,"href":"https:\/\/www.promotio.sk\/cs\/wp-json\/wp\/v2\/product_tag?post=31733"}],"curies":[{"name":"wp","href":"https:\/\/api.w.org\/{rel}","templated":true}]}}