{"id":31718,"date":"2024-03-12T13:33:20","date_gmt":"2024-03-12T12:33:20","guid":{"rendered":"https:\/\/www.promotio.sk\/shop\/nezaraden\u00e9\/atala\/"},"modified":"2024-03-12T13:34:47","modified_gmt":"2024-03-12T12:34:47","slug":"atala","status":"publish","type":"product","link":"https:\/\/www.promotio.sk\/cs\/shop\/promo-clothing\/workwear\/food\/atala\/","title":{"rendered":"ATALA"},"content":{"rendered":"<p>\u010cepice s vylep\u0161en\u00fdm vzorem.<br \/>\n\u00b7 S\u00ed\u0165ovina na ochranu vlas\u016f a pevn\u00fd k\u0161ilt.<br \/>\n\u00b7 Skl\u00e1dan\u00e1 p\u0159edn\u00ed \u010d\u00e1st.<br \/>\n\u00b7 Prody\u0161n\u00e1 a nastaviteln\u00e1 s\u00ed\u0165ovina s elastick\u00fdm zadn\u00edm d\u00edlem.<br \/>Slo\u017een\u00ed: Tkanina k\u0161iltu: polyester 65% \/ bavlna 35%, 200 g\/m\u00b2.<br \/>\nS\u00ed\u0165ovan\u00e1 tkanina: polyester 100%, 70 g\/m\u00b2.<br \/>Pozn\u00e1mky: * Odn\u00edmateln\u00fd \u0161t\u00edtek.<\/p>","protected":false},"excerpt":{"rendered":"<p>Mob-cap with improved pattern. \u00b7 Hair cover mesh and rigid peak. \u00b7 Pleated front. \u00b7 Breathable and adjustable mesh with<\/p>","protected":false},"featured_media":31719,"comment_status":"open","ping_status":"closed","template":"","meta":[],"product_cat":[567,563],"product_tag":[],"class_list":{"0":"post-31718","1":"product","2":"type-product","3":"status-publish","4":"has-post-thumbnail","6":"product_cat-food","7":"product_cat-workwear","9":"first","10":"instock","11":"shipping-taxable","12":"purchasable","13":"product-type-variable"},"_links":{"self":[{"href":"https:\/\/www.promotio.sk\/cs\/wp-json\/wp\/v2\/product\/31718","targetHints":{"allow":["GET"]}}],"collection":[{"href":"https:\/\/www.promotio.sk\/cs\/wp-json\/wp\/v2\/product"}],"about":[{"href":"https:\/\/www.promotio.sk\/cs\/wp-json\/wp\/v2\/types\/product"}],"replies":[{"embeddable":true,"href":"https:\/\/www.promotio.sk\/cs\/wp-json\/wp\/v2\/comments?post=31718"}],"wp:featuredmedia":[{"embeddable":true,"href":"https:\/\/www.promotio.sk\/cs\/wp-json\/wp\/v2\/media\/31719"}],"wp:attachment":[{"href":"https:\/\/www.promotio.sk\/cs\/wp-json\/wp\/v2\/media?parent=31718"}],"wp:term":[{"taxonomy":"product_cat","embeddable":true,"href":"https:\/\/www.promotio.sk\/cs\/wp-json\/wp\/v2\/product_cat?post=31718"},{"taxonomy":"product_tag","embeddable":true,"href":"https:\/\/www.promotio.sk\/cs\/wp-json\/wp\/v2\/product_tag?post=31718"}],"curies":[{"name":"wp","href":"https:\/\/api.w.org\/{rel}","templated":true}]}}