{"id":31660,"date":"2024-03-12T13:27:39","date_gmt":"2024-03-12T12:27:39","guid":{"rendered":"https:\/\/www.promotio.sk\/shop\/nezaraden\u00e9\/cruiser\/"},"modified":"2024-03-12T13:29:17","modified_gmt":"2024-03-12T12:29:17","slug":"cruiser","status":"publish","type":"product","link":"https:\/\/www.promotio.sk\/cs\/shop\/promo-clothing\/workwear\/fire_retardant\/cruiser\/","title":{"rendered":"CRUISER"},"content":{"rendered":"<p>Neho\u0159lav\u00e1 bunda.<br \/>\n \u00b7 P\u0159edn\u00ed zap\u00edn\u00e1n\u00ed na zip a such\u00fd zip.<br \/>\n\u00b7 Dv\u011b p\u0159edn\u00ed kapsy na hrudi s klopou a zap\u00edn\u00e1n\u00edm na such\u00fd zip.<br \/>\n\u00b7 Dv\u011b bo\u010dn\u00ed kapsy s klopou a knofl\u00edkem.<br \/>\n\u00b7 s gumou po stran\u00e1ch.<br \/>\n\u00b7 Elastick\u00e9 man\u017eety.<br \/>Slo\u017een\u00ed: 98% bavlna \/ 2% uhl\u00edkov\u00e9 vl\u00e1kno, kepr, 360 g\/m\u00b2.<br \/>Pozn\u00e1mky: * Ochrana p\u0159ed teplem a plamenem.<br \/>\n* Elektrostatick\u00e9 vlastnosti.<br \/>\n* Ochrana p\u0159ed tepeln\u00fdmi riziky elektrick\u00fdch oblouk\u016f.<br \/>\n* Ochrana p\u0159i sva\u0159ov\u00e1n\u00ed a podobn\u00fdch \u010dinnostech.<\/p>\n<p>Shoda s CE dle n\u00e1sleduj\u00edc\u00edch norem:<br \/>\nUNE-EN ISO 13688:2013\/A1:2021<br \/>\nUNE-EN ISO 11611:2018: T\u0158\u00cdDA 2<br \/>\nUNE-EN ISO 11612:2018: A1, B1, C1, E3, F1.<br \/>\nUNE-EN 1149-5:2008<br \/>\nUNE-EN 61482-1-2:2015: APC = 1<\/p>","protected":false},"excerpt":{"rendered":"<p>Fire retardant jacket. \u00b7Front placket with zip and velcro fastening. \u00b7 Two front pockets on chest with flap and velcro<\/p>","protected":false},"featured_media":31661,"comment_status":"open","ping_status":"closed","template":"","meta":[],"product_cat":[569,563],"product_tag":[],"class_list":{"0":"post-31660","1":"product","2":"type-product","3":"status-publish","4":"has-post-thumbnail","6":"product_cat-fire_retardant","7":"product_cat-workwear","9":"first","10":"instock","11":"shipping-taxable","12":"purchasable","13":"product-type-variable"},"_links":{"self":[{"href":"https:\/\/www.promotio.sk\/cs\/wp-json\/wp\/v2\/product\/31660","targetHints":{"allow":["GET"]}}],"collection":[{"href":"https:\/\/www.promotio.sk\/cs\/wp-json\/wp\/v2\/product"}],"about":[{"href":"https:\/\/www.promotio.sk\/cs\/wp-json\/wp\/v2\/types\/product"}],"replies":[{"embeddable":true,"href":"https:\/\/www.promotio.sk\/cs\/wp-json\/wp\/v2\/comments?post=31660"}],"wp:featuredmedia":[{"embeddable":true,"href":"https:\/\/www.promotio.sk\/cs\/wp-json\/wp\/v2\/media\/31661"}],"wp:attachment":[{"href":"https:\/\/www.promotio.sk\/cs\/wp-json\/wp\/v2\/media?parent=31660"}],"wp:term":[{"taxonomy":"product_cat","embeddable":true,"href":"https:\/\/www.promotio.sk\/cs\/wp-json\/wp\/v2\/product_cat?post=31660"},{"taxonomy":"product_tag","embeddable":true,"href":"https:\/\/www.promotio.sk\/cs\/wp-json\/wp\/v2\/product_tag?post=31660"}],"curies":[{"name":"wp","href":"https:\/\/api.w.org\/{rel}","templated":true}]}}