{"id":31627,"date":"2024-03-12T13:24:47","date_gmt":"2024-03-12T12:24:47","guid":{"rendered":"https:\/\/www.promotio.sk\/shop\/nezaraden\u00e9\/defender\/"},"modified":"2024-03-12T13:26:05","modified_gmt":"2024-03-12T12:26:05","slug":"defender","status":"publish","type":"product","link":"https:\/\/www.promotio.sk\/cs\/shop\/promo-clothing\/workwear\/fire_retardant\/defender\/","title":{"rendered":"OBR\u00c1NCE"},"content":{"rendered":"<p>Tri\u010dko s dlouh\u00fdm ruk\u00e1vem z neho\u0159lav\u00e9 l\u00e1tky.<br \/>\n\u00b7 Kulat\u00fd v\u00fdst\u0159ih s kryt\u00fdmi \u0161vy.<br \/>\n\u00b7 L\u00edmec a man\u017eety z \u017eebrovan\u00e9 l\u00e1tky 1\u00d71.<br \/>\n\u00b7 Bo\u010dn\u00ed \u0161vy.<br \/>Slo\u017een\u00ed: modakryl 60% \/ bavlna 37% \/ uhl\u00edkov\u00e9 vl\u00e1kno 3%, jednoduch\u00fd \u017eerzej, 220 g\/m\u00b2.<br \/>Pozn\u00e1mky: * Ochrana p\u0159ed teplem a plamenem.<br \/>\n* Elektrostatick\u00e9 vlastnosti.<br \/>\n* Ochrana p\u0159ed tepeln\u00fdmi riziky elektrick\u00fdch oblouk\u016f. <\/p>\n<p>Shoda s CE dle n\u00e1sleduj\u00edc\u00edch norem:<br \/>\nUNE-EN ISO 13688:2013\/A1:2021<br \/>\nUNE-EN ISO 11612:2018: A1, B1, C1, F1.<br \/>\nUNE-EN 1149-5:2008<br \/>\nUNE-EN 61482-1-2:2015: APC = 1<\/p>","protected":false},"excerpt":{"rendered":"<p>Long-sleeve t-shirt in fire retardant fabric. \u00b7 Crew neck with covered seams. \u00b7 Collar and cuffs in 1&#215;1 ribbed fabric.<\/p>","protected":false},"featured_media":31628,"comment_status":"open","ping_status":"closed","template":"","meta":[],"product_cat":[569,563],"product_tag":[],"class_list":{"0":"post-31627","1":"product","2":"type-product","3":"status-publish","4":"has-post-thumbnail","6":"product_cat-fire_retardant","7":"product_cat-workwear","9":"first","10":"instock","11":"shipping-taxable","12":"purchasable","13":"product-type-variable"},"_links":{"self":[{"href":"https:\/\/www.promotio.sk\/cs\/wp-json\/wp\/v2\/product\/31627","targetHints":{"allow":["GET"]}}],"collection":[{"href":"https:\/\/www.promotio.sk\/cs\/wp-json\/wp\/v2\/product"}],"about":[{"href":"https:\/\/www.promotio.sk\/cs\/wp-json\/wp\/v2\/types\/product"}],"replies":[{"embeddable":true,"href":"https:\/\/www.promotio.sk\/cs\/wp-json\/wp\/v2\/comments?post=31627"}],"wp:featuredmedia":[{"embeddable":true,"href":"https:\/\/www.promotio.sk\/cs\/wp-json\/wp\/v2\/media\/31628"}],"wp:attachment":[{"href":"https:\/\/www.promotio.sk\/cs\/wp-json\/wp\/v2\/media?parent=31627"}],"wp:term":[{"taxonomy":"product_cat","embeddable":true,"href":"https:\/\/www.promotio.sk\/cs\/wp-json\/wp\/v2\/product_cat?post=31627"},{"taxonomy":"product_tag","embeddable":true,"href":"https:\/\/www.promotio.sk\/cs\/wp-json\/wp\/v2\/product_tag?post=31627"}],"curies":[{"name":"wp","href":"https:\/\/api.w.org\/{rel}","templated":true}]}}