{"id":31603,"date":"2024-03-12T13:22:44","date_gmt":"2024-03-12T12:22:44","guid":{"rendered":"https:\/\/www.promotio.sk\/shop\/nezaraden\u00e9\/ranger\/"},"modified":"2024-03-12T13:24:43","modified_gmt":"2024-03-12T12:24:43","slug":"ranger","status":"publish","type":"product","link":"https:\/\/www.promotio.sk\/cs\/shop\/promo-clothing\/workwear\/fire_retardant\/ranger\/","title":{"rendered":"STR\u00c1\u017dCE"},"content":{"rendered":"<p>Dlouh\u00e9 kalhoty z neho\u0159lav\u00e9 l\u00e1tky.<br \/>\n\u00b7 Nastaviteln\u00fd pas vzadu.<br \/>\n\u00b7 Dv\u011b p\u0159edn\u00ed kapsy.<br \/>\n\u00b7 Zadn\u00ed kapsa s klopou a zap\u00edn\u00e1n\u00edm na such\u00fd zip.<br \/>\n\u00b7 Bo\u010dn\u00ed kapsy s klopou a zap\u00edn\u00e1n\u00edm na such\u00fd zip.<br \/>Slo\u017een\u00ed: 98% bavlna \/ 2% uhl\u00edkov\u00e9 vl\u00e1kno, kepr, 360 g\/m\u00b2.<br \/>Pozn\u00e1mky: * Ochrana p\u0159ed teplem a plamenem.<br \/>\n* Elektrostatick\u00fd.<br \/>\n* Ochrana p\u0159ed tepeln\u00fdmi riziky zp\u016fsoben\u00fdmi elektrick\u00fdm obloukem.<br \/>\n* Ochrana p\u0159i sv\u00e1\u0159e\u010dsk\u00fdch prac\u00edch.<\/p>\n<p>* Shoda s CE dle n\u00e1sleduj\u00edc\u00edch norem:<br \/>\nEN ISO 13688:2013\/A1:2021<br \/>\nEN ISO 11611:2018: T\u0158\u00cdDA 2<br \/>\nEN ISO 11612:2018: A1, B1, C1, E3, F1.<br \/>\n\u010cSN EN 1149-5:2008<br \/>\nEN 61482-1-2:2015: APC = 1<\/p>","protected":false},"excerpt":{"rendered":"<p>Long trousers in fire retardant fabric. \u00b7 Back adjustable waistband. \u00b7 Two front pockets. \u00b7 Back pocket with flap and<\/p>","protected":false},"featured_media":31604,"comment_status":"open","ping_status":"closed","template":"","meta":[],"product_cat":[569,563],"product_tag":[],"class_list":{"0":"post-31603","1":"product","2":"type-product","3":"status-publish","4":"has-post-thumbnail","6":"product_cat-fire_retardant","7":"product_cat-workwear","9":"first","10":"instock","11":"shipping-taxable","12":"purchasable","13":"product-type-variable"},"_links":{"self":[{"href":"https:\/\/www.promotio.sk\/cs\/wp-json\/wp\/v2\/product\/31603","targetHints":{"allow":["GET"]}}],"collection":[{"href":"https:\/\/www.promotio.sk\/cs\/wp-json\/wp\/v2\/product"}],"about":[{"href":"https:\/\/www.promotio.sk\/cs\/wp-json\/wp\/v2\/types\/product"}],"replies":[{"embeddable":true,"href":"https:\/\/www.promotio.sk\/cs\/wp-json\/wp\/v2\/comments?post=31603"}],"wp:featuredmedia":[{"embeddable":true,"href":"https:\/\/www.promotio.sk\/cs\/wp-json\/wp\/v2\/media\/31604"}],"wp:attachment":[{"href":"https:\/\/www.promotio.sk\/cs\/wp-json\/wp\/v2\/media?parent=31603"}],"wp:term":[{"taxonomy":"product_cat","embeddable":true,"href":"https:\/\/www.promotio.sk\/cs\/wp-json\/wp\/v2\/product_cat?post=31603"},{"taxonomy":"product_tag","embeddable":true,"href":"https:\/\/www.promotio.sk\/cs\/wp-json\/wp\/v2\/product_tag?post=31603"}],"curies":[{"name":"wp","href":"https:\/\/api.w.org\/{rel}","templated":true}]}}