{"id":31526,"date":"2024-03-12T13:12:13","date_gmt":"2024-03-12T12:12:13","guid":{"rendered":"https:\/\/www.promotio.sk\/shop\/nezaraden\u00e9\/mini\/"},"modified":"2024-03-12T13:13:03","modified_gmt":"2024-03-12T12:13:03","slug":"mini","status":"publish","type":"product","link":"https:\/\/www.promotio.sk\/cs\/shop\/promo-clothing\/workwear\/horeca\/mini\/","title":{"rendered":"MINI"},"content":{"rendered":"<p>Kr\u00e1tk\u00e1 z\u00e1st\u011bra z keprov\u00e9 l\u00e1tky.<br \/>\n\u00b7 Odpov\u00eddaj\u00edc\u00ed bo\u010dn\u00ed zavazovac\u00ed popruhy.<br \/>\n\u00b7 Dv\u011b p\u0159edn\u00ed kapsy.<br \/>\n\u00b7 Measures: 45 cm x 30 cm.<br \/>Slo\u017een\u00ed: polyester 80% \/ bavlna 20%, kepr 220 g\/m\u00b2. <br \/>Pozn\u00e1mky: *Odn\u00edmateln\u00fd \u0161t\u00edtek.<br \/>\n*Potravin\u00e1\u0159sk\u00fd pr\u016fmysl.<br \/>\n*Apron measures: 45 cm x 30 cm.<br \/>\n*Pocket measures: 45 x 21 cm.<br \/><img decoding=\"async\" src=\"https:\/\/static.gorfactory.es\/pics\/measures\/DE9124.jpg\"><\/p>","protected":false},"excerpt":{"rendered":"<p>Short apron in twill fabric. \u00b7 Matching side tie-straps. \u00b7 Two front pockets. \u00b7 Measures: 45 cm x 30 cm.Composition:<\/p>","protected":false},"featured_media":31527,"comment_status":"open","ping_status":"closed","template":"","meta":[],"product_cat":[564,563],"product_tag":[],"class_list":{"0":"post-31526","1":"product","2":"type-product","3":"status-publish","4":"has-post-thumbnail","6":"product_cat-horeca","7":"product_cat-workwear","9":"first","10":"instock","11":"shipping-taxable","12":"purchasable","13":"product-type-variable"},"_links":{"self":[{"href":"https:\/\/www.promotio.sk\/cs\/wp-json\/wp\/v2\/product\/31526","targetHints":{"allow":["GET"]}}],"collection":[{"href":"https:\/\/www.promotio.sk\/cs\/wp-json\/wp\/v2\/product"}],"about":[{"href":"https:\/\/www.promotio.sk\/cs\/wp-json\/wp\/v2\/types\/product"}],"replies":[{"embeddable":true,"href":"https:\/\/www.promotio.sk\/cs\/wp-json\/wp\/v2\/comments?post=31526"}],"wp:featuredmedia":[{"embeddable":true,"href":"https:\/\/www.promotio.sk\/cs\/wp-json\/wp\/v2\/media\/31527"}],"wp:attachment":[{"href":"https:\/\/www.promotio.sk\/cs\/wp-json\/wp\/v2\/media?parent=31526"}],"wp:term":[{"taxonomy":"product_cat","embeddable":true,"href":"https:\/\/www.promotio.sk\/cs\/wp-json\/wp\/v2\/product_cat?post=31526"},{"taxonomy":"product_tag","embeddable":true,"href":"https:\/\/www.promotio.sk\/cs\/wp-json\/wp\/v2\/product_tag?post=31526"}],"curies":[{"name":"wp","href":"https:\/\/api.w.org\/{rel}","templated":true}]}}