{"id":31441,"date":"2024-03-12T13:04:44","date_gmt":"2024-03-12T12:04:44","guid":{"rendered":"https:\/\/www.promotio.sk\/shop\/nezaraden\u00e9\/arzak\/"},"modified":"2024-03-12T13:07:39","modified_gmt":"2024-03-12T12:07:39","slug":"arzak","status":"publish","type":"product","link":"https:\/\/www.promotio.sk\/cs\/shop\/promo-clothing\/workwear\/food\/arzak\/","title":{"rendered":"ARZAK"},"content":{"rendered":"<p>Unisex oboustrann\u00fd orn\u00e1t.<br \/>\n\u00b7 Dv\u011b p\u0159edn\u00ed kapsy.<br \/>\n\u00b7 Nastaviteln\u00e9 bo\u010dn\u00ed popruhy.<br \/>Slo\u017een\u00ed: polyester 65% \/ bavlna 35%, kepr 195 g\/m\u00b2.<br \/>Pozn\u00e1mky: * Odn\u00edmateln\u00fd \u0161t\u00edtek.<br \/>\n* Model pro laborato\u0159e, zdravotnictv\u00ed, kr\u00e1su, potravin\u00e1\u0159stv\u00ed a \u00faklidov\u00fd sektor.<br \/><img decoding=\"async\" src=\"https:\/\/static.gorfactory.es\/pics\/measures\/DE_HO.jpg\"><\/p>","protected":false},"excerpt":{"rendered":"<p>Unisex reversible chasuble. \u00b7 Two front pockets. \u00b7 Adjustable side straps.Composition: 65% polyester \/ 35% cotton, 195 gsm twill.Remarks: *<\/p>","protected":false},"featured_media":31442,"comment_status":"open","ping_status":"closed","template":"","meta":[],"product_cat":[567,563],"product_tag":[],"class_list":{"0":"post-31441","1":"product","2":"type-product","3":"status-publish","4":"has-post-thumbnail","6":"product_cat-food","7":"product_cat-workwear","9":"first","10":"instock","11":"shipping-taxable","12":"purchasable","13":"product-type-variable"},"_links":{"self":[{"href":"https:\/\/www.promotio.sk\/cs\/wp-json\/wp\/v2\/product\/31441","targetHints":{"allow":["GET"]}}],"collection":[{"href":"https:\/\/www.promotio.sk\/cs\/wp-json\/wp\/v2\/product"}],"about":[{"href":"https:\/\/www.promotio.sk\/cs\/wp-json\/wp\/v2\/types\/product"}],"replies":[{"embeddable":true,"href":"https:\/\/www.promotio.sk\/cs\/wp-json\/wp\/v2\/comments?post=31441"}],"wp:featuredmedia":[{"embeddable":true,"href":"https:\/\/www.promotio.sk\/cs\/wp-json\/wp\/v2\/media\/31442"}],"wp:attachment":[{"href":"https:\/\/www.promotio.sk\/cs\/wp-json\/wp\/v2\/media?parent=31441"}],"wp:term":[{"taxonomy":"product_cat","embeddable":true,"href":"https:\/\/www.promotio.sk\/cs\/wp-json\/wp\/v2\/product_cat?post=31441"},{"taxonomy":"product_tag","embeddable":true,"href":"https:\/\/www.promotio.sk\/cs\/wp-json\/wp\/v2\/product_tag?post=31441"}],"curies":[{"name":"wp","href":"https:\/\/api.w.org\/{rel}","templated":true}]}}