{"id":31409,"date":"2024-03-12T13:02:05","date_gmt":"2024-03-12T12:02:05","guid":{"rendered":"https:\/\/www.promotio.sk\/shop\/nezaraden\u00e9\/armada\/"},"modified":"2024-03-12T13:04:41","modified_gmt":"2024-03-12T12:04:41","slug":"armada","status":"publish","type":"product","link":"https:\/\/www.promotio.sk\/cs\/shop\/promo-clothing\/workwear\/industry_services\/armada\/","title":{"rendered":"ARMADA"},"content":{"rendered":"<p>Pracovn\u00ed vesta s v\u00edce kapsami ve dvoubarevn\u00e9 kombinaci s vysok\u00fdm l\u00edmcem.<br \/>\n\u00b7 P\u0159edn\u00ed zip se such\u00fdm zipem.<br \/>\n\u00b7 V\u011btruvzdorn\u00e9 kalhoty s man\u017eetami.<br \/>\n\u00b7 Prav\u00e1 bo\u010dn\u00ed vn\u011bj\u0161\u00ed kapsa na mobil s klopou a such\u00fdm zipem.<br \/>\n\u00b7 Dv\u011b skl\u00e1dan\u00e9 p\u0159edn\u00ed kapsy s klopou a such\u00fdm zipem.<br \/>\n\u00b7 Dv\u011b kapsy na pero.<br \/>\n\u00b7 Vnit\u0159n\u00ed kapsa se such\u00fdm zipem.<br \/>\n\u00b7 Kapsa na zip.<br \/>\n\u00b7 Spu\u0161t\u011bn\u00fd ocas.<br \/>\n\u00b7 Automatick\u00fd nastavova\u010d.<br \/>\n\u00b7 Kontrastn\u00ed ramenn\u00ed d\u00edly a detaily.<\/p>\n<p>Slo\u017een\u00ed: 80% polyester \/ 20% bavlna, kepr, 370 g\/m\u00b2.<br \/>Pozn\u00e1mky: * Odn\u00edmateln\u00fd \u0161t\u00edtek.<br \/><img decoding=\"async\" src=\"https:\/\/static.gorfactory.es\/pics\/measures\/CQ_HOMU.jpg\"><\/p>","protected":false},"excerpt":{"rendered":"<p>Multipocket work vest in two-colour combination, with high collar. \u00b7 Front zip with velcro. \u00b7 Windbreakers in cuffs. \u00b7 Right<\/p>","protected":false},"featured_media":31410,"comment_status":"open","ping_status":"closed","template":"","meta":[],"product_cat":[566,563],"product_tag":[],"class_list":{"0":"post-31409","1":"product","2":"type-product","3":"status-publish","4":"has-post-thumbnail","6":"product_cat-industry_services","7":"product_cat-workwear","9":"first","10":"instock","11":"shipping-taxable","12":"purchasable","13":"product-type-variable"},"_links":{"self":[{"href":"https:\/\/www.promotio.sk\/cs\/wp-json\/wp\/v2\/product\/31409","targetHints":{"allow":["GET"]}}],"collection":[{"href":"https:\/\/www.promotio.sk\/cs\/wp-json\/wp\/v2\/product"}],"about":[{"href":"https:\/\/www.promotio.sk\/cs\/wp-json\/wp\/v2\/types\/product"}],"replies":[{"embeddable":true,"href":"https:\/\/www.promotio.sk\/cs\/wp-json\/wp\/v2\/comments?post=31409"}],"wp:featuredmedia":[{"embeddable":true,"href":"https:\/\/www.promotio.sk\/cs\/wp-json\/wp\/v2\/media\/31410"}],"wp:attachment":[{"href":"https:\/\/www.promotio.sk\/cs\/wp-json\/wp\/v2\/media?parent=31409"}],"wp:term":[{"taxonomy":"product_cat","embeddable":true,"href":"https:\/\/www.promotio.sk\/cs\/wp-json\/wp\/v2\/product_cat?post=31409"},{"taxonomy":"product_tag","embeddable":true,"href":"https:\/\/www.promotio.sk\/cs\/wp-json\/wp\/v2\/product_tag?post=31409"}],"curies":[{"name":"wp","href":"https:\/\/api.w.org\/{rel}","templated":true}]}}