{"id":31330,"date":"2024-03-12T12:55:08","date_gmt":"2024-03-12T11:55:08","guid":{"rendered":"https:\/\/www.promotio.sk\/shop\/nezaraden\u00e9\/oxford\/"},"modified":"2024-03-12T12:57:16","modified_gmt":"2024-03-12T11:57:16","slug":"oxford","status":"publish","type":"product","link":"https:\/\/www.promotio.sk\/cs\/shop\/promo-clothing\/workwear\/horeca\/oxford\/","title":{"rendered":"OXFORD"},"content":{"rendered":"<p>P\u00e1nsk\u00e9 tri\u010dko s dlouh\u00fdm ruk\u00e1vem.<br \/>\n\u00b7 Kapsa na lev\u00e9 stran\u011b hrudi.<br \/>\n\u00b7 Zap\u00edn\u00e1n\u00ed na knofl\u00edky.<br \/>\n\u00b7 Dv\u011b z\u00e1\u0161evky a dva knofl\u00edky na man\u017eet\u00e1ch.<br \/>\n\u00b7 Zp\u011bt se sedlem.<br \/>Slo\u017een\u00ed: 70% bavlna \/ 30% polyester, oxfordsk\u00e1 tkanina, 140 g\/m\u00b2.<br \/>Pozn\u00e1mky: *Koncept Duo.<br \/>\n<br \/><img decoding=\"async\" src=\"https:\/\/static.gorfactory.es\/pics\/measures\/CM_ML_HO.jpg\"><\/p>","protected":false},"excerpt":{"rendered":"<p>Long-sleeve shirt for men. \u00b7 Pocket on left chest. \u00b7 Button placket. \u00b7 Two darts and two buttons in cuffs.<\/p>","protected":false},"featured_media":31331,"comment_status":"open","ping_status":"closed","template":"","meta":[],"product_cat":[564,563],"product_tag":[],"class_list":{"0":"post-31330","1":"product","2":"type-product","3":"status-publish","4":"has-post-thumbnail","6":"product_cat-horeca","7":"product_cat-workwear","9":"first","10":"instock","11":"shipping-taxable","12":"purchasable","13":"product-type-variable"},"_links":{"self":[{"href":"https:\/\/www.promotio.sk\/cs\/wp-json\/wp\/v2\/product\/31330","targetHints":{"allow":["GET"]}}],"collection":[{"href":"https:\/\/www.promotio.sk\/cs\/wp-json\/wp\/v2\/product"}],"about":[{"href":"https:\/\/www.promotio.sk\/cs\/wp-json\/wp\/v2\/types\/product"}],"replies":[{"embeddable":true,"href":"https:\/\/www.promotio.sk\/cs\/wp-json\/wp\/v2\/comments?post=31330"}],"wp:featuredmedia":[{"embeddable":true,"href":"https:\/\/www.promotio.sk\/cs\/wp-json\/wp\/v2\/media\/31331"}],"wp:attachment":[{"href":"https:\/\/www.promotio.sk\/cs\/wp-json\/wp\/v2\/media?parent=31330"}],"wp:term":[{"taxonomy":"product_cat","embeddable":true,"href":"https:\/\/www.promotio.sk\/cs\/wp-json\/wp\/v2\/product_cat?post=31330"},{"taxonomy":"product_tag","embeddable":true,"href":"https:\/\/www.promotio.sk\/cs\/wp-json\/wp\/v2\/product_tag?post=31330"}],"curies":[{"name":"wp","href":"https:\/\/api.w.org\/{rel}","templated":true}]}}