{"id":31181,"date":"2024-03-12T12:42:28","date_gmt":"2024-03-12T11:42:28","guid":{"rendered":"https:\/\/www.promotio.sk\/shop\/nezaraden\u00e9\/sofia-l-s\/"},"modified":"2024-03-12T12:44:23","modified_gmt":"2024-03-12T11:44:23","slug":"sofia-l-s","status":"publish","type":"product","link":"https:\/\/www.promotio.sk\/cs\/shop\/promo-clothing\/workwear\/horeca\/sofia-l-s\/","title":{"rendered":"SOFIE L\/S"},"content":{"rendered":"<p>D\u00e1msk\u00e1 ko\u0161ile s dlouh\u00fdm ruk\u00e1vem.<br \/>\n\u00b7 St\u0159ih slim fit s p\u0159edn\u00edmi a zadn\u00edmi z\u00e1\u0161evky,<br \/>\n\u00b7 Lev\u00e1 p\u0159edn\u00ed kapsa a skryt\u00e9 zap\u00edn\u00e1n\u00ed na knofl\u00edky.<br \/>\n\u00b7 2 knofl\u00edky na man\u017eet\u00e1ch.<br \/>\n\u00b7 Zak\u0159iven\u00fd lem.<br \/>\n\u00b7 Snadn\u00e1 p\u00e9\u010de.<br \/>Slo\u017een\u00ed: 65% polyester \/ 35% bavlna, popel\u00edn, 130 g\/m\u00b2.<br \/>Pozn\u00e1mky: *K dispozici je i p\u00e1nsk\u00fd model.<br \/><img decoding=\"async\" src=\"https:\/\/static.gorfactory.es\/pics\/measures\/CM_ML_MU.jpg\"><\/p>","protected":false},"excerpt":{"rendered":"<p>Long-sleeve shirt for women. \u00b7 Slim-fit cut with front and back darts, \u00b7 Left front pocket and concealed button placket.<\/p>","protected":false},"featured_media":31182,"comment_status":"open","ping_status":"closed","template":"","meta":[],"product_cat":[564,563],"product_tag":[],"class_list":{"0":"post-31181","1":"product","2":"type-product","3":"status-publish","4":"has-post-thumbnail","6":"product_cat-horeca","7":"product_cat-workwear","9":"first","10":"instock","11":"shipping-taxable","12":"purchasable","13":"product-type-variable"},"_links":{"self":[{"href":"https:\/\/www.promotio.sk\/cs\/wp-json\/wp\/v2\/product\/31181","targetHints":{"allow":["GET"]}}],"collection":[{"href":"https:\/\/www.promotio.sk\/cs\/wp-json\/wp\/v2\/product"}],"about":[{"href":"https:\/\/www.promotio.sk\/cs\/wp-json\/wp\/v2\/types\/product"}],"replies":[{"embeddable":true,"href":"https:\/\/www.promotio.sk\/cs\/wp-json\/wp\/v2\/comments?post=31181"}],"wp:featuredmedia":[{"embeddable":true,"href":"https:\/\/www.promotio.sk\/cs\/wp-json\/wp\/v2\/media\/31182"}],"wp:attachment":[{"href":"https:\/\/www.promotio.sk\/cs\/wp-json\/wp\/v2\/media?parent=31181"}],"wp:term":[{"taxonomy":"product_cat","embeddable":true,"href":"https:\/\/www.promotio.sk\/cs\/wp-json\/wp\/v2\/product_cat?post=31181"},{"taxonomy":"product_tag","embeddable":true,"href":"https:\/\/www.promotio.sk\/cs\/wp-json\/wp\/v2\/product_tag?post=31181"}],"curies":[{"name":"wp","href":"https:\/\/api.w.org\/{rel}","templated":true}]}}