{"id":31156,"date":"2024-03-12T12:40:22","date_gmt":"2024-03-12T11:40:22","guid":{"rendered":"https:\/\/www.promotio.sk\/shop\/nezaraden\u00e9\/oxford-woman\/"},"modified":"2024-03-12T12:42:26","modified_gmt":"2024-03-12T11:42:26","slug":"oxford-woman","status":"publish","type":"product","link":"https:\/\/www.promotio.sk\/cs\/shop\/promo-clothing\/workwear\/horeca\/oxford-woman\/","title":{"rendered":"OXFORDSK\u00c1 \u017dENA"},"content":{"rendered":"<p>P\u0159il\u00e9hav\u00e1 ko\u0161ile s dlouh\u00fdm ruk\u00e1vem a z\u00e1\u0161evky na p\u0159edn\u00ed a zadn\u00ed stran\u011b.<br \/>\n\u00b7 Lev\u00e1 p\u0159edn\u00ed n\u00e1prsn\u00ed kapsa.<br \/>\n\u00b7 Sedlo na zadn\u00ed stran\u011b.<br \/>\n\u00b7 Z\u00e1\u0161evky a dva knofl\u00edky na man\u017eet\u00e1ch.<br \/>\n\u00b7 Zak\u0159iven\u00fd lem.<br \/>Slo\u017een\u00ed: 70% bavlna \/ 30% polyester, oxfordsk\u00e1 tkanina, 140 g\/m\u00b2.<br \/>Pozn\u00e1mky: *Koncept Duo.<br \/>\n<br \/><img decoding=\"async\" src=\"https:\/\/static.gorfactory.es\/pics\/measures\/CM_ML_MU.jpg\"><\/p>","protected":false},"excerpt":{"rendered":"<p>Fitted long-sleeve shirt with darts on the front and back. \u00b7 Front left chest pocket. \u00b7 Yoke on the back.<\/p>","protected":false},"featured_media":31157,"comment_status":"open","ping_status":"closed","template":"","meta":[],"product_cat":[564,563],"product_tag":[],"class_list":{"0":"post-31156","1":"product","2":"type-product","3":"status-publish","4":"has-post-thumbnail","6":"product_cat-horeca","7":"product_cat-workwear","9":"first","10":"instock","11":"shipping-taxable","12":"purchasable","13":"product-type-variable"},"_links":{"self":[{"href":"https:\/\/www.promotio.sk\/cs\/wp-json\/wp\/v2\/product\/31156","targetHints":{"allow":["GET"]}}],"collection":[{"href":"https:\/\/www.promotio.sk\/cs\/wp-json\/wp\/v2\/product"}],"about":[{"href":"https:\/\/www.promotio.sk\/cs\/wp-json\/wp\/v2\/types\/product"}],"replies":[{"embeddable":true,"href":"https:\/\/www.promotio.sk\/cs\/wp-json\/wp\/v2\/comments?post=31156"}],"wp:featuredmedia":[{"embeddable":true,"href":"https:\/\/www.promotio.sk\/cs\/wp-json\/wp\/v2\/media\/31157"}],"wp:attachment":[{"href":"https:\/\/www.promotio.sk\/cs\/wp-json\/wp\/v2\/media?parent=31156"}],"wp:term":[{"taxonomy":"product_cat","embeddable":true,"href":"https:\/\/www.promotio.sk\/cs\/wp-json\/wp\/v2\/product_cat?post=31156"},{"taxonomy":"product_tag","embeddable":true,"href":"https:\/\/www.promotio.sk\/cs\/wp-json\/wp\/v2\/product_tag?post=31156"}],"curies":[{"name":"wp","href":"https:\/\/api.w.org\/{rel}","templated":true}]}}