{"id":31135,"date":"2024-03-12T12:38:31","date_gmt":"2024-03-12T11:38:31","guid":{"rendered":"https:\/\/www.promotio.sk\/shop\/nezaraden\u00e9\/sofia\/"},"modified":"2024-03-12T12:40:19","modified_gmt":"2024-03-12T11:40:19","slug":"sofia","status":"publish","type":"product","link":"https:\/\/www.promotio.sk\/cs\/shop\/promo-clothing\/workwear\/horeca\/sofia\/","title":{"rendered":"SOFIE"},"content":{"rendered":"<p>D\u00e1msk\u00e1 ko\u0161ile s kr\u00e1tk\u00fdm ruk\u00e1vem a \u00fazk\u00fdm st\u0159ihem.<br \/>\n\u00b7 P\u0159edn\u00ed a zadn\u00ed z\u00e1\u0161evky.<br \/>\n\u00b7 Lev\u00e1 p\u0159edn\u00ed kapsa a skryt\u00e9 zap\u00edn\u00e1n\u00ed na knofl\u00edky.<br \/>\n\u00b7 Zak\u0159iven\u00fd lem.<br \/>\n\u00b7 Snadn\u00e1 p\u00e9\u010de.<br \/>Slo\u017een\u00ed: 65 % polyester \/ 35% popel\u00edn bavlna, 130 g\/m\u00b2.<br \/>Pozn\u00e1mky: *K dispozici je i p\u00e1nsk\u00fd model.<br \/><img decoding=\"async\" src=\"https:\/\/static.gorfactory.es\/pics\/measures\/CM5061.jpg\"><\/p>","protected":false},"excerpt":{"rendered":"<p>Slim-fit short-sleeve shirt for women. \u00b7 Front and back darts. \u00b7 Left front pocket and concealed button placket. \u00b7 Curved<\/p>","protected":false},"featured_media":31136,"comment_status":"open","ping_status":"closed","template":"","meta":[],"product_cat":[564,563],"product_tag":[],"class_list":{"0":"post-31135","1":"product","2":"type-product","3":"status-publish","4":"has-post-thumbnail","6":"product_cat-horeca","7":"product_cat-workwear","9":"first","10":"instock","11":"shipping-taxable","12":"purchasable","13":"product-type-variable"},"_links":{"self":[{"href":"https:\/\/www.promotio.sk\/cs\/wp-json\/wp\/v2\/product\/31135","targetHints":{"allow":["GET"]}}],"collection":[{"href":"https:\/\/www.promotio.sk\/cs\/wp-json\/wp\/v2\/product"}],"about":[{"href":"https:\/\/www.promotio.sk\/cs\/wp-json\/wp\/v2\/types\/product"}],"replies":[{"embeddable":true,"href":"https:\/\/www.promotio.sk\/cs\/wp-json\/wp\/v2\/comments?post=31135"}],"wp:featuredmedia":[{"embeddable":true,"href":"https:\/\/www.promotio.sk\/cs\/wp-json\/wp\/v2\/media\/31136"}],"wp:attachment":[{"href":"https:\/\/www.promotio.sk\/cs\/wp-json\/wp\/v2\/media?parent=31135"}],"wp:term":[{"taxonomy":"product_cat","embeddable":true,"href":"https:\/\/www.promotio.sk\/cs\/wp-json\/wp\/v2\/product_cat?post=31135"},{"taxonomy":"product_tag","embeddable":true,"href":"https:\/\/www.promotio.sk\/cs\/wp-json\/wp\/v2\/product_tag?post=31135"}],"curies":[{"name":"wp","href":"https:\/\/api.w.org\/{rel}","templated":true}]}}