{"id":31119,"date":"2024-03-12T12:37:03","date_gmt":"2024-03-12T11:37:03","guid":{"rendered":"https:\/\/www.promotio.sk\/shop\/nezaraden\u00e9\/explorer-woman\/"},"modified":"2024-03-12T12:38:28","modified_gmt":"2024-03-12T11:38:28","slug":"explorer-woman","status":"publish","type":"product","link":"https:\/\/www.promotio.sk\/cs\/shop\/promo-clothing\/workwear\/horeca\/explorer-woman\/","title":{"rendered":"PR\u016eZKUMNICE"},"content":{"rendered":"<p>D\u00e1msk\u00e1 bunda s v\u00fdst\u0159ihem do V z m\u011bkk\u00e9 pro\u0161\u00edvan\u00e9 l\u00e1tky.<br \/>\n\u00b7 P\u0159edn\u00ed zap\u00edn\u00e1n\u00ed na p\u011bt stejn\u00fdch knofl\u00edk\u016f.<br \/>\n\u00b7 Dv\u011b na\u0161\u00edvan\u00e9 kapsy.<br \/>\n\u00b7 Man\u017eety a elastick\u00fd pas z \u017eebrovan\u00e9 l\u00e1tky.<br \/>Slo\u017een\u00ed: visk\u00f3za 50% \/ polyester 28% \/ polyamid 22%, jemn\u00fd \u00faplet, gg 12<br \/>Pozn\u00e1mky: * Odn\u00edmateln\u00fd \u0161t\u00edtek.<br \/>\n* Koncept dua.<\/p>","protected":false},"excerpt":{"rendered":"<p>V-neck jacket in soft stitch fabric for women. \u00b7 Front fastening with five matching buttons. \u00b7 Two patch pockets. \u00b7<\/p>","protected":false},"featured_media":31120,"comment_status":"open","ping_status":"closed","template":"","meta":[],"product_cat":[564,563],"product_tag":[],"class_list":{"0":"post-31119","1":"product","2":"type-product","3":"status-publish","4":"has-post-thumbnail","6":"product_cat-horeca","7":"product_cat-workwear","9":"first","10":"instock","11":"shipping-taxable","12":"purchasable","13":"product-type-variable"},"_links":{"self":[{"href":"https:\/\/www.promotio.sk\/cs\/wp-json\/wp\/v2\/product\/31119","targetHints":{"allow":["GET"]}}],"collection":[{"href":"https:\/\/www.promotio.sk\/cs\/wp-json\/wp\/v2\/product"}],"about":[{"href":"https:\/\/www.promotio.sk\/cs\/wp-json\/wp\/v2\/types\/product"}],"replies":[{"embeddable":true,"href":"https:\/\/www.promotio.sk\/cs\/wp-json\/wp\/v2\/comments?post=31119"}],"wp:featuredmedia":[{"embeddable":true,"href":"https:\/\/www.promotio.sk\/cs\/wp-json\/wp\/v2\/media\/31120"}],"wp:attachment":[{"href":"https:\/\/www.promotio.sk\/cs\/wp-json\/wp\/v2\/media?parent=31119"}],"wp:term":[{"taxonomy":"product_cat","embeddable":true,"href":"https:\/\/www.promotio.sk\/cs\/wp-json\/wp\/v2\/product_cat?post=31119"},{"taxonomy":"product_tag","embeddable":true,"href":"https:\/\/www.promotio.sk\/cs\/wp-json\/wp\/v2\/product_tag?post=31119"}],"curies":[{"name":"wp","href":"https:\/\/api.w.org\/{rel}","templated":true}]}}