{"id":31030,"date":"2024-03-12T12:29:25","date_gmt":"2024-03-12T11:29:25","guid":{"rendered":"https:\/\/www.promotio.sk\/shop\/nezaraden\u00e9\/venera\/"},"modified":"2024-03-12T12:33:58","modified_gmt":"2024-03-12T11:33:58","slug":"venera","status":"publish","type":"product","link":"https:\/\/www.promotio.sk\/cs\/shop\/promo-clothing\/workwear\/industry_services\/venera\/","title":{"rendered":"VENERA"},"content":{"rendered":"<p>Multi-pocket work vest with v-neck.<br \/>\n\u00b7 Front zip with puller.<br \/>\n\u00b7 Three chest pockets with flap and velcro fastening.<br \/>\n\u00b7 Upper pocket with multifunction ring.<br \/>\n\u00b7 Two side pockets with zip and puller, with two overlapping pockets with flap and velcro fastening.<br \/>\n\u00b7 Dv\u011b zadn\u00ed kapsy s klopou a zap\u00edn\u00e1n\u00edm na such\u00fd zip.<br \/>\n\u00b7 Neck, armholes and hem with trim.<br \/>Composition: 80% polyester \/ 20% cotton, 200 gsm.<br \/>Pozn\u00e1mky: * Odn\u00edmateln\u00fd \u0161t\u00edtek.<br \/><img decoding=\"async\" src=\"https:\/\/static.gorfactory.es\/pics\/measures\/CC_HOMU.jpg\"><\/p>","protected":false},"excerpt":{"rendered":"<p>Multi-pocket work vest with v-neck. \u00b7 Front zip with puller. \u00b7 Three chest pockets with flap and velcro fastening. \u00b7<\/p>","protected":false},"featured_media":31031,"comment_status":"open","ping_status":"closed","template":"","meta":[],"product_cat":[566,563],"product_tag":[],"class_list":{"0":"post-31030","1":"product","2":"type-product","3":"status-publish","4":"has-post-thumbnail","6":"product_cat-industry_services","7":"product_cat-workwear","9":"first","10":"instock","11":"shipping-taxable","12":"purchasable","13":"product-type-variable"},"_links":{"self":[{"href":"https:\/\/www.promotio.sk\/cs\/wp-json\/wp\/v2\/product\/31030","targetHints":{"allow":["GET"]}}],"collection":[{"href":"https:\/\/www.promotio.sk\/cs\/wp-json\/wp\/v2\/product"}],"about":[{"href":"https:\/\/www.promotio.sk\/cs\/wp-json\/wp\/v2\/types\/product"}],"replies":[{"embeddable":true,"href":"https:\/\/www.promotio.sk\/cs\/wp-json\/wp\/v2\/comments?post=31030"}],"wp:featuredmedia":[{"embeddable":true,"href":"https:\/\/www.promotio.sk\/cs\/wp-json\/wp\/v2\/media\/31031"}],"wp:attachment":[{"href":"https:\/\/www.promotio.sk\/cs\/wp-json\/wp\/v2\/media?parent=31030"}],"wp:term":[{"taxonomy":"product_cat","embeddable":true,"href":"https:\/\/www.promotio.sk\/cs\/wp-json\/wp\/v2\/product_cat?post=31030"},{"taxonomy":"product_tag","embeddable":true,"href":"https:\/\/www.promotio.sk\/cs\/wp-json\/wp\/v2\/product_tag?post=31030"}],"curies":[{"name":"wp","href":"https:\/\/api.w.org\/{rel}","templated":true}]}}