{"id":30969,"date":"2024-03-12T12:24:21","date_gmt":"2024-03-12T11:24:21","guid":{"rendered":"https:\/\/www.promotio.sk\/shop\/nezaraden\u00e9\/almanzor\/"},"modified":"2024-03-12T12:29:23","modified_gmt":"2024-03-12T11:29:23","slug":"almanzor","status":"publish","type":"product","link":"https:\/\/www.promotio.sk\/cs\/shop\/promo-clothing\/workwear\/industry_services\/almanzor\/","title":{"rendered":"ALMANZOR"},"content":{"rendered":"<p>V\u00edce\u00fa\u010delov\u00e1 pracovn\u00ed vesta s vysok\u00fdm l\u00edmcem.<br \/>\n\u00b7 P\u0159edn\u00ed zip s popruhem a such\u00fdm zipem.<br \/>\n\u00b7 Jedna vn\u011bj\u0161\u00ed kapsa na prav\u00e9 stran\u011b na mobiln\u00ed telefon.<br \/>\n\u00b7 Dv\u011b p\u0159edn\u00ed vroubkovan\u00e9 kapsy s bo\u010dn\u00edmi rozparky.<br \/>\n\u00b7 Dv\u011b mal\u00e9 kapsy na pero.<br \/>\n\u00b7 Jedna vnit\u0159n\u00ed kapsa se such\u00fdm zipem.<br \/>\n\u00b7 Kapsa na zip.<br \/>\n\u00b7 Vnit\u0159n\u00ed kapsa se such\u00fdm zipem.<br \/>\n\u00b7 Spu\u0161t\u011bn\u00fd ocas.<br \/>\n\u00b7 Se\u0159izova\u010d se samoup\u00edn\u00e1n\u00edm.<br \/>\n<br \/>Slo\u017een\u00ed: Vn\u011bj\u0161\u00ed materi\u00e1l: polyester 80% \/ bavlna 20%, 200 g\/m\u00b2.<br \/>\nPod\u0161\u00edvka: pro\u0161\u00edvan\u00fd polyester 100%, 170 g\/m\u00b2.<br \/>Pozn\u00e1mky: *V\u011btruodoln\u00fd model.<br \/><img decoding=\"async\" src=\"https:\/\/static.gorfactory.es\/pics\/measures\/CC_HOMU.jpg\"><\/p>","protected":false},"excerpt":{"rendered":"<p>Multipurpose work bodywarmer with high neck. \u00b7 Front zipper with strap and velcro. \u00b7 One outer pocket on the right<\/p>","protected":false},"featured_media":30970,"comment_status":"open","ping_status":"closed","template":"","meta":[],"product_cat":[566,563],"product_tag":[],"class_list":{"0":"post-30969","1":"product","2":"type-product","3":"status-publish","4":"has-post-thumbnail","6":"product_cat-industry_services","7":"product_cat-workwear","9":"first","10":"instock","11":"shipping-taxable","12":"purchasable","13":"product-type-variable"},"_links":{"self":[{"href":"https:\/\/www.promotio.sk\/cs\/wp-json\/wp\/v2\/product\/30969","targetHints":{"allow":["GET"]}}],"collection":[{"href":"https:\/\/www.promotio.sk\/cs\/wp-json\/wp\/v2\/product"}],"about":[{"href":"https:\/\/www.promotio.sk\/cs\/wp-json\/wp\/v2\/types\/product"}],"replies":[{"embeddable":true,"href":"https:\/\/www.promotio.sk\/cs\/wp-json\/wp\/v2\/comments?post=30969"}],"wp:featuredmedia":[{"embeddable":true,"href":"https:\/\/www.promotio.sk\/cs\/wp-json\/wp\/v2\/media\/30970"}],"wp:attachment":[{"href":"https:\/\/www.promotio.sk\/cs\/wp-json\/wp\/v2\/media?parent=30969"}],"wp:term":[{"taxonomy":"product_cat","embeddable":true,"href":"https:\/\/www.promotio.sk\/cs\/wp-json\/wp\/v2\/product_cat?post=30969"},{"taxonomy":"product_tag","embeddable":true,"href":"https:\/\/www.promotio.sk\/cs\/wp-json\/wp\/v2\/product_tag?post=30969"}],"curies":[{"name":"wp","href":"https:\/\/api.w.org\/{rel}","templated":true}]}}