{"id":30954,"date":"2024-03-12T12:22:49","date_gmt":"2024-03-12T11:22:49","guid":{"rendered":"https:\/\/www.promotio.sk\/shop\/nezaraden\u00e9\/sirio\/"},"modified":"2024-03-12T12:24:19","modified_gmt":"2024-03-12T11:24:19","slug":"sirio","status":"publish","type":"product","link":"https:\/\/www.promotio.sk\/cs\/shop\/promo-clothing\/workwear\/highvis\/sirio\/","title":{"rendered":"SIRIO"},"content":{"rendered":"<p>Reflexn\u00ed vesta s v\u00fdst\u0159ihem do V.<br \/>\n\u00b7 Dva reflexn\u00ed prou\u017eky na hrudi a z\u00e1dech.<br \/>\n\u00b7 Nastaviteln\u00e9 zap\u00edn\u00e1n\u00ed na such\u00fd zip.<br \/>Slo\u017een\u00ed: polyester 100%, jednoduch\u00fd \u017eerzej.<br \/>Pozn\u00e1mky: Certifik\u00e1t CE dle n\u00e1sleduj\u00edc\u00edch norem:<br \/>\nEN ISO 13688:2013\/A1:2021<br \/>\n\u010cSN EN ISO 20471:2013\/A1:2017.<br \/>\nT\u0159\u00edda II.<br \/>\n*Vysok\u00e1 viditelnost.<br \/>\nM\/L (star\u00e1 velikost XL), XL\/XXL.<br \/>\n<br \/><img decoding=\"async\" src=\"https:\/\/static.gorfactory.es\/pics\/measures\/CC5063.jpg\"><\/p>","protected":false},"excerpt":{"rendered":"<p>High-visibility vest with V-neck. \u00b7 Two reflective strips on chest and back. \u00b7 Adjustable velcro fastening.Composition: 100% polyester, single jersey.Remarks:<\/p>","protected":false},"featured_media":30955,"comment_status":"open","ping_status":"closed","template":"","meta":[],"product_cat":[565,563],"product_tag":[],"class_list":{"0":"post-30954","1":"product","2":"type-product","3":"status-publish","4":"has-post-thumbnail","6":"product_cat-highvis","7":"product_cat-workwear","9":"first","10":"instock","11":"shipping-taxable","12":"purchasable","13":"product-type-variable"},"_links":{"self":[{"href":"https:\/\/www.promotio.sk\/cs\/wp-json\/wp\/v2\/product\/30954","targetHints":{"allow":["GET"]}}],"collection":[{"href":"https:\/\/www.promotio.sk\/cs\/wp-json\/wp\/v2\/product"}],"about":[{"href":"https:\/\/www.promotio.sk\/cs\/wp-json\/wp\/v2\/types\/product"}],"replies":[{"embeddable":true,"href":"https:\/\/www.promotio.sk\/cs\/wp-json\/wp\/v2\/comments?post=30954"}],"wp:featuredmedia":[{"embeddable":true,"href":"https:\/\/www.promotio.sk\/cs\/wp-json\/wp\/v2\/media\/30955"}],"wp:attachment":[{"href":"https:\/\/www.promotio.sk\/cs\/wp-json\/wp\/v2\/media?parent=30954"}],"wp:term":[{"taxonomy":"product_cat","embeddable":true,"href":"https:\/\/www.promotio.sk\/cs\/wp-json\/wp\/v2\/product_cat?post=30954"},{"taxonomy":"product_tag","embeddable":true,"href":"https:\/\/www.promotio.sk\/cs\/wp-json\/wp\/v2\/product_tag?post=30954"}],"curies":[{"name":"wp","href":"https:\/\/api.w.org\/{rel}","templated":true}]}}