{"id":30743,"date":"2024-03-12T12:06:26","date_gmt":"2024-03-12T11:06:26","guid":{"rendered":"https:\/\/www.promotio.sk\/shop\/nezaraden\u00e9\/ferox-woman\/"},"modified":"2024-03-12T12:12:06","modified_gmt":"2024-03-12T11:12:06","slug":"ferox-woman","status":"publish","type":"product","link":"https:\/\/www.promotio.sk\/cs\/shop\/promo-clothing\/workwear\/san_est\/ferox-woman\/","title":{"rendered":"FEROX WOMAN"},"content":{"rendered":"<p>Short-sleeve service top for women.<br \/>\n\u00b7 V\u00fdst\u0159ih s p\u0159ek\u0159\u00ed\u017een\u00fdm k\u0161iltem.<br \/>\n\u00b7 Dv\u011b francouzsk\u00e9 kapsy.<br \/>\n\u00b7 Side slits.<br \/>Slo\u017een\u00ed: polyester 94% \/ elastan 6%, mikrovl\u00e1kno 170 g\/m\u00b2.<br \/>Pozn\u00e1mky: Odpov\u00eddaj\u00edc\u00ed od\u011bv: kalhoty FIBER.<br \/>\n* Odn\u00edmateln\u00fd \u0161t\u00edtek.<br \/>\n*Koncept dua.<br \/>\n*Laborato\u0159.<br \/>\n*Zdrav\u00ed.<br \/>\n*Kosmetika.<br \/>\n*J\u00eddlo.<br \/>\n*\u010ci\u0161t\u011bn\u00ed.<br \/><img decoding=\"async\" src=\"https:\/\/static.gorfactory.es\/pics\/measures\/CA_MC_MU.jpg\"><\/p>","protected":false},"excerpt":{"rendered":"<p>Short-sleeve service top for women. \u00b7 Crossed peak neckline. \u00b7 Two French pockets. \u00b7 Side slits.Composition: 94% polyester \/ 6%<\/p>","protected":false},"featured_media":30744,"comment_status":"open","ping_status":"closed","template":"","meta":[],"product_cat":[568,563],"product_tag":[],"class_list":{"0":"post-30743","1":"product","2":"type-product","3":"status-publish","4":"has-post-thumbnail","6":"product_cat-san_est","7":"product_cat-workwear","9":"first","10":"instock","11":"shipping-taxable","12":"purchasable","13":"product-type-variable"},"_links":{"self":[{"href":"https:\/\/www.promotio.sk\/cs\/wp-json\/wp\/v2\/product\/30743","targetHints":{"allow":["GET"]}}],"collection":[{"href":"https:\/\/www.promotio.sk\/cs\/wp-json\/wp\/v2\/product"}],"about":[{"href":"https:\/\/www.promotio.sk\/cs\/wp-json\/wp\/v2\/types\/product"}],"replies":[{"embeddable":true,"href":"https:\/\/www.promotio.sk\/cs\/wp-json\/wp\/v2\/comments?post=30743"}],"wp:featuredmedia":[{"embeddable":true,"href":"https:\/\/www.promotio.sk\/cs\/wp-json\/wp\/v2\/media\/30744"}],"wp:attachment":[{"href":"https:\/\/www.promotio.sk\/cs\/wp-json\/wp\/v2\/media?parent=30743"}],"wp:term":[{"taxonomy":"product_cat","embeddable":true,"href":"https:\/\/www.promotio.sk\/cs\/wp-json\/wp\/v2\/product_cat?post=30743"},{"taxonomy":"product_tag","embeddable":true,"href":"https:\/\/www.promotio.sk\/cs\/wp-json\/wp\/v2\/product_tag?post=30743"}],"curies":[{"name":"wp","href":"https:\/\/api.w.org\/{rel}","templated":true}]}}