{"id":30628,"date":"2024-03-12T11:56:40","date_gmt":"2024-03-12T10:56:40","guid":{"rendered":"https:\/\/www.promotio.sk\/shop\/nezaraden\u00e9\/tahoe\/"},"modified":"2024-03-12T11:59:22","modified_gmt":"2024-03-12T10:59:22","slug":"tahoe","status":"publish","type":"product","link":"https:\/\/www.promotio.sk\/cs\/shop\/promo-clothing\/workwear\/industry_services\/tahoe\/","title":{"rendered":"TAHOE"},"content":{"rendered":"<p>Kra\u0165asy v barevn\u00e9m kombinovan\u00e9m designu.<br \/>\n\u00b7 Pohodln\u00e1 a nastaviteln\u00e1 l\u00e1tka.<br \/>\n\u00b7 Elastick\u00fd pas vzadu.<br \/>\n\u00b7 Kontrastn\u00ed poutka na opasek, klopy, sklady a lemy.<br \/>\n\u00b7 Dv\u011b p\u0159edn\u00ed kapsy.<br \/>\n\u00b7 Dv\u011b zadn\u00ed kapsy s klopou a zap\u00edn\u00e1n\u00edm na such\u00fd zip.<br \/>\n\u00b7 Dv\u011b bo\u010dn\u00ed skl\u00e1dan\u00e9 kapsy s klopou a such\u00fdm zipem<br \/>\n   upevn\u011bn\u00ed.<br \/>Slo\u017een\u00ed: 65% polyester \/ 33% bavlna \/ 2% elastan, kepr, 250 g\/m\u00b2.<\/p>","protected":false},"excerpt":{"rendered":"<p>Shorts in a colour combination design. \u00b7 Comfortable and adjustable fabric. \u00b7 Back elastic waistband. \u00b7 Contrasting belt loops, flaps,<\/p>","protected":false},"featured_media":30629,"comment_status":"open","ping_status":"closed","template":"","meta":[],"product_cat":[566,563],"product_tag":[],"class_list":{"0":"post-30628","1":"product","2":"type-product","3":"status-publish","4":"has-post-thumbnail","6":"product_cat-industry_services","7":"product_cat-workwear","9":"first","10":"instock","11":"shipping-taxable","12":"purchasable","13":"product-type-variable"},"_links":{"self":[{"href":"https:\/\/www.promotio.sk\/cs\/wp-json\/wp\/v2\/product\/30628","targetHints":{"allow":["GET"]}}],"collection":[{"href":"https:\/\/www.promotio.sk\/cs\/wp-json\/wp\/v2\/product"}],"about":[{"href":"https:\/\/www.promotio.sk\/cs\/wp-json\/wp\/v2\/types\/product"}],"replies":[{"embeddable":true,"href":"https:\/\/www.promotio.sk\/cs\/wp-json\/wp\/v2\/comments?post=30628"}],"wp:featuredmedia":[{"embeddable":true,"href":"https:\/\/www.promotio.sk\/cs\/wp-json\/wp\/v2\/media\/30629"}],"wp:attachment":[{"href":"https:\/\/www.promotio.sk\/cs\/wp-json\/wp\/v2\/media?parent=30628"}],"wp:term":[{"taxonomy":"product_cat","embeddable":true,"href":"https:\/\/www.promotio.sk\/cs\/wp-json\/wp\/v2\/product_cat?post=30628"},{"taxonomy":"product_tag","embeddable":true,"href":"https:\/\/www.promotio.sk\/cs\/wp-json\/wp\/v2\/product_tag?post=30628"}],"curies":[{"name":"wp","href":"https:\/\/api.w.org\/{rel}","templated":true}]}}