{"id":30589,"date":"2024-03-12T11:53:13","date_gmt":"2024-03-12T10:53:13","guid":{"rendered":"https:\/\/www.promotio.sk\/shop\/nezaraden\u00e9\/vitara\/"},"modified":"2024-03-12T11:56:38","modified_gmt":"2024-03-12T10:56:38","slug":"vitara","status":"publish","type":"product","link":"https:\/\/www.promotio.sk\/cs\/shop\/promo-clothing\/workwear\/industry_services\/vitara\/","title":{"rendered":"VITARA"},"content":{"rendered":"<p>Shorts with pockets.<br \/>\n\u00b7 Nastaviteln\u00fd pas vzadu.<br \/>\n\u00b7 Dv\u011b p\u0159edn\u00ed kapsy.<br \/>\n\u00b7 Dv\u011b bo\u010dn\u00ed kapsy s klopou, zap\u00edn\u00e1n\u00edm na such\u00fd zip a<br \/>\n   central pleating.<br \/>\n\u00b7 Dv\u011b zadn\u00ed kapsy s klopou a zap\u00edn\u00e1n\u00edm na such\u00fd zip.<br \/>Slo\u017een\u00ed: 65% polyester \/ 33% bavlna \/ 2% elastan, kepr, 250 g\/m\u00b2.<\/p>","protected":false},"excerpt":{"rendered":"<p>Shorts with pockets. \u00b7 Back adjustable waistband. \u00b7 Two front pockets. \u00b7 Two side pockets with flap, velcro fastening and<\/p>","protected":false},"featured_media":30590,"comment_status":"open","ping_status":"closed","template":"","meta":[],"product_cat":[566,563],"product_tag":[],"class_list":{"0":"post-30589","1":"product","2":"type-product","3":"status-publish","4":"has-post-thumbnail","6":"product_cat-industry_services","7":"product_cat-workwear","9":"first","10":"instock","11":"shipping-taxable","12":"purchasable","13":"product-type-variable"},"_links":{"self":[{"href":"https:\/\/www.promotio.sk\/cs\/wp-json\/wp\/v2\/product\/30589","targetHints":{"allow":["GET"]}}],"collection":[{"href":"https:\/\/www.promotio.sk\/cs\/wp-json\/wp\/v2\/product"}],"about":[{"href":"https:\/\/www.promotio.sk\/cs\/wp-json\/wp\/v2\/types\/product"}],"replies":[{"embeddable":true,"href":"https:\/\/www.promotio.sk\/cs\/wp-json\/wp\/v2\/comments?post=30589"}],"wp:featuredmedia":[{"embeddable":true,"href":"https:\/\/www.promotio.sk\/cs\/wp-json\/wp\/v2\/media\/30590"}],"wp:attachment":[{"href":"https:\/\/www.promotio.sk\/cs\/wp-json\/wp\/v2\/media?parent=30589"}],"wp:term":[{"taxonomy":"product_cat","embeddable":true,"href":"https:\/\/www.promotio.sk\/cs\/wp-json\/wp\/v2\/product_cat?post=30589"},{"taxonomy":"product_tag","embeddable":true,"href":"https:\/\/www.promotio.sk\/cs\/wp-json\/wp\/v2\/product_tag?post=30589"}],"curies":[{"name":"wp","href":"https:\/\/api.w.org\/{rel}","templated":true}]}}