{"id":30524,"date":"2024-03-12T11:47:26","date_gmt":"2024-03-12T10:47:26","guid":{"rendered":"https:\/\/www.promotio.sk\/shop\/nezaraden\u00e9\/amazonas\/"},"modified":"2024-03-12T11:49:05","modified_gmt":"2024-03-12T10:49:05","slug":"amazonas","status":"publish","type":"product","link":"https:\/\/www.promotio.sk\/cs\/shop\/promo-clothing\/workwear\/industry_services\/amazonas\/","title":{"rendered":"AMAZONAS"},"content":{"rendered":"<p>Bermudy s kapsami.<br \/>\n\u00b7 Adjustable elastic waist on both sides.<br \/>\n\u00b7 Dv\u011b p\u0159edn\u00ed kapsy.<br \/>\n\u00b7 Dv\u011b bo\u010dn\u00ed kapsy s klopou, zap\u00edn\u00e1n\u00edm na such\u00fd zip a<br \/>\n   central pleat.<br \/>\n\u00b7 Dv\u011b zadn\u00ed kapsy s knofl\u00edkem.<br \/>Composition: 100% cotton, 200 gsm.<br \/>Pozn\u00e1mky: *Velmi pohodln\u00e9 bermudy pro voln\u00fd \u010das i do pr\u00e1ce.<\/p>\n<p><img decoding=\"async\" src=\"https:\/\/static.gorfactory.es\/pics\/measures\/BE6715.jpg\"><\/p>","protected":false},"excerpt":{"rendered":"<p>Bermuda shorts with pockets. \u00b7 Adjustable elastic waist on both sides. \u00b7 Two front pockets. \u00b7 Two side pockets with<\/p>","protected":false},"featured_media":30525,"comment_status":"open","ping_status":"closed","template":"","meta":[],"product_cat":[566,563],"product_tag":[],"class_list":{"0":"post-30524","1":"product","2":"type-product","3":"status-publish","4":"has-post-thumbnail","6":"product_cat-industry_services","7":"product_cat-workwear","9":"first","10":"instock","11":"shipping-taxable","12":"purchasable","13":"product-type-variable"},"_links":{"self":[{"href":"https:\/\/www.promotio.sk\/cs\/wp-json\/wp\/v2\/product\/30524","targetHints":{"allow":["GET"]}}],"collection":[{"href":"https:\/\/www.promotio.sk\/cs\/wp-json\/wp\/v2\/product"}],"about":[{"href":"https:\/\/www.promotio.sk\/cs\/wp-json\/wp\/v2\/types\/product"}],"replies":[{"embeddable":true,"href":"https:\/\/www.promotio.sk\/cs\/wp-json\/wp\/v2\/comments?post=30524"}],"wp:featuredmedia":[{"embeddable":true,"href":"https:\/\/www.promotio.sk\/cs\/wp-json\/wp\/v2\/media\/30525"}],"wp:attachment":[{"href":"https:\/\/www.promotio.sk\/cs\/wp-json\/wp\/v2\/media?parent=30524"}],"wp:term":[{"taxonomy":"product_cat","embeddable":true,"href":"https:\/\/www.promotio.sk\/cs\/wp-json\/wp\/v2\/product_cat?post=30524"},{"taxonomy":"product_tag","embeddable":true,"href":"https:\/\/www.promotio.sk\/cs\/wp-json\/wp\/v2\/product_tag?post=30524"}],"curies":[{"name":"wp","href":"https:\/\/api.w.org\/{rel}","templated":true}]}}