{"id":30474,"date":"2024-03-12T11:43:27","date_gmt":"2024-03-12T10:43:27","guid":{"rendered":"https:\/\/www.promotio.sk\/shop\/nezaraden\u00e9\/vaccine\/"},"modified":"2024-03-12T11:47:23","modified_gmt":"2024-03-12T10:47:23","slug":"vaccine","status":"publish","type":"product","link":"https:\/\/www.promotio.sk\/cs\/shop\/promo-clothing\/workwear\/san_est\/vaccine\/","title":{"rendered":"VAKC\u00cdNA"},"content":{"rendered":"<p>Long-sleeve service gown:<br \/>\n\u00b7 L\u00edmec s klopou.<br \/>\n\u00b7 P\u0159edn\u00ed zap\u00edn\u00e1n\u00ed s 5 stejn\u00fdmi knofl\u00edky.<br \/>\n\u00b7 Jedna n\u00e1prsn\u00ed a dv\u011b bo\u010dn\u00ed kapsy.<br \/>\n\u00b7 Back waistband<br \/>Composition: 65% polyester \/ 35% cotton, 195 gsm.<br \/>Pozn\u00e1mky: * Odn\u00edmateln\u00fd \u0161t\u00edtek.<br \/>\n* Model for the lab, health, aesthetics, food and cleaning sectors.<\/p>","protected":false},"excerpt":{"rendered":"<p>Long-sleeve service gown: \u00b7 Flap collar. \u00b7 Front opening with 5 matching buttons. \u00b7 One chest and two side pockets.<\/p>","protected":false},"featured_media":30475,"comment_status":"open","ping_status":"closed","template":"","meta":[],"product_cat":[568,563],"product_tag":[],"class_list":{"0":"post-30474","1":"product","2":"type-product","3":"status-publish","4":"has-post-thumbnail","6":"product_cat-san_est","7":"product_cat-workwear","9":"first","10":"instock","11":"shipping-taxable","12":"purchasable","13":"product-type-variable"},"_links":{"self":[{"href":"https:\/\/www.promotio.sk\/cs\/wp-json\/wp\/v2\/product\/30474","targetHints":{"allow":["GET"]}}],"collection":[{"href":"https:\/\/www.promotio.sk\/cs\/wp-json\/wp\/v2\/product"}],"about":[{"href":"https:\/\/www.promotio.sk\/cs\/wp-json\/wp\/v2\/types\/product"}],"replies":[{"embeddable":true,"href":"https:\/\/www.promotio.sk\/cs\/wp-json\/wp\/v2\/comments?post=30474"}],"wp:featuredmedia":[{"embeddable":true,"href":"https:\/\/www.promotio.sk\/cs\/wp-json\/wp\/v2\/media\/30475"}],"wp:attachment":[{"href":"https:\/\/www.promotio.sk\/cs\/wp-json\/wp\/v2\/media?parent=30474"}],"wp:term":[{"taxonomy":"product_cat","embeddable":true,"href":"https:\/\/www.promotio.sk\/cs\/wp-json\/wp\/v2\/product_cat?post=30474"},{"taxonomy":"product_tag","embeddable":true,"href":"https:\/\/www.promotio.sk\/cs\/wp-json\/wp\/v2\/product_tag?post=30474"}],"curies":[{"name":"wp","href":"https:\/\/api.w.org\/{rel}","templated":true}]}}