{"id":30429,"date":"2024-03-12T11:39:50","date_gmt":"2024-03-12T10:39:50","guid":{"rendered":"https:\/\/www.promotio.sk\/shop\/nezaraden\u00e9\/vaccine-woman\/"},"modified":"2024-03-12T11:43:24","modified_gmt":"2024-03-12T10:43:24","slug":"vaccine-woman","status":"publish","type":"product","link":"https:\/\/www.promotio.sk\/cs\/shop\/promo-clothing\/workwear\/san_est\/vaccine-woman\/","title":{"rendered":"VAKCINOVAN\u00c1 \u017dENA"},"content":{"rendered":"<p>P\u0159il\u00e9hav\u00fd slu\u017eebn\u00ed r\u00f3ba s dlouh\u00fdm ruk\u00e1vem.<br \/>\n\u00b7 L\u00edmec s klopou.<br \/>\n\u00b7 P\u0159edn\u00ed zap\u00edn\u00e1n\u00ed s 5 stejn\u00fdmi knofl\u00edky.<br \/>\n\u00b7 Jedna n\u00e1prsn\u00ed a dv\u011b bo\u010dn\u00ed kapsy.<br \/>\n\u00b7 Zadn\u00ed pas.<br \/>Slo\u017een\u00ed: polyester 65% \/ bavlna 35%, kepr 195 g\/m\u00b2.<br \/>Pozn\u00e1mky: * Odn\u00edmateln\u00fd \u0161t\u00edtek.<br \/>\n* Model pro laborato\u0159e, zdravotnictv\u00ed, kr\u00e1su, potravin\u00e1\u0159stv\u00ed a \u00faklidov\u00fd sektor.<\/p>","protected":false},"excerpt":{"rendered":"<p>Fitted long-sleeve service gown. \u00b7 Flap collar. \u00b7 Front opening with 5 matching buttons. \u00b7 One chest and two side<\/p>","protected":false},"featured_media":30430,"comment_status":"open","ping_status":"closed","template":"","meta":[],"product_cat":[568,563],"product_tag":[],"class_list":{"0":"post-30429","1":"product","2":"type-product","3":"status-publish","4":"has-post-thumbnail","6":"product_cat-san_est","7":"product_cat-workwear","9":"first","10":"instock","11":"shipping-taxable","12":"purchasable","13":"product-type-variable"},"_links":{"self":[{"href":"https:\/\/www.promotio.sk\/cs\/wp-json\/wp\/v2\/product\/30429","targetHints":{"allow":["GET"]}}],"collection":[{"href":"https:\/\/www.promotio.sk\/cs\/wp-json\/wp\/v2\/product"}],"about":[{"href":"https:\/\/www.promotio.sk\/cs\/wp-json\/wp\/v2\/types\/product"}],"replies":[{"embeddable":true,"href":"https:\/\/www.promotio.sk\/cs\/wp-json\/wp\/v2\/comments?post=30429"}],"wp:featuredmedia":[{"embeddable":true,"href":"https:\/\/www.promotio.sk\/cs\/wp-json\/wp\/v2\/media\/30430"}],"wp:attachment":[{"href":"https:\/\/www.promotio.sk\/cs\/wp-json\/wp\/v2\/media?parent=30429"}],"wp:term":[{"taxonomy":"product_cat","embeddable":true,"href":"https:\/\/www.promotio.sk\/cs\/wp-json\/wp\/v2\/product_cat?post=30429"},{"taxonomy":"product_tag","embeddable":true,"href":"https:\/\/www.promotio.sk\/cs\/wp-json\/wp\/v2\/product_tag?post=30429"}],"curies":[{"name":"wp","href":"https:\/\/api.w.org\/{rel}","templated":true}]}}