{"id":30412,"date":"2024-03-12T11:38:04","date_gmt":"2024-03-12T10:38:04","guid":{"rendered":"https:\/\/www.promotio.sk\/shop\/nezaraden\u00e9\/mederi\/"},"modified":"2024-03-12T11:39:48","modified_gmt":"2024-03-12T10:39:48","slug":"mederi","status":"publish","type":"product","link":"https:\/\/www.promotio.sk\/cs\/shop\/promo-clothing\/workwear\/food\/mederi\/","title":{"rendered":"MEDERI"},"content":{"rendered":"<p>Unisexov\u00fd \u017eupan s dlouh\u00fdm ruk\u00e1vem.<br \/>\n\u00b7 Nastaviteln\u00e9 \u017eebrovan\u00e9 man\u017eety 1\u00d71.<br \/>\n\u00b7 P\u0159edn\u00ed zap\u00edn\u00e1n\u00ed se skryt\u00fdmi knofl\u00edky.<br \/>\n\u00b7 Vnit\u0159n\u00ed kapsa na lev\u00e9 stran\u011b hrudn\u00edku.<br \/>Slo\u017een\u00ed: polyester 65% \/ bavlna 35%, kepr 195 g\/m\u00b2.<br \/>Pozn\u00e1mky: * Odn\u00edmateln\u00fd \u0161t\u00edtek.<br \/>\n* Unisexov\u00fd model.<br \/>\n* Model ur\u010den\u00fd p\u0159edev\u0161\u00edm pro potravin\u00e1\u0159sk\u00fd sektor.<\/p>","protected":false},"excerpt":{"rendered":"<p>Unisex long-sleeve robe. \u00b7 Adjustable 1&#215;1 ribbed cuffs. \u00b7 Front opening with concealed snap clasp buttons. \u00b7 Inside pocket on<\/p>","protected":false},"featured_media":30413,"comment_status":"open","ping_status":"closed","template":"","meta":[],"product_cat":[567,563],"product_tag":[],"class_list":{"0":"post-30412","1":"product","2":"type-product","3":"status-publish","4":"has-post-thumbnail","6":"product_cat-food","7":"product_cat-workwear","9":"first","10":"instock","11":"shipping-taxable","12":"purchasable","13":"product-type-variable"},"_links":{"self":[{"href":"https:\/\/www.promotio.sk\/cs\/wp-json\/wp\/v2\/product\/30412","targetHints":{"allow":["GET"]}}],"collection":[{"href":"https:\/\/www.promotio.sk\/cs\/wp-json\/wp\/v2\/product"}],"about":[{"href":"https:\/\/www.promotio.sk\/cs\/wp-json\/wp\/v2\/types\/product"}],"replies":[{"embeddable":true,"href":"https:\/\/www.promotio.sk\/cs\/wp-json\/wp\/v2\/comments?post=30412"}],"wp:featuredmedia":[{"embeddable":true,"href":"https:\/\/www.promotio.sk\/cs\/wp-json\/wp\/v2\/media\/30413"}],"wp:attachment":[{"href":"https:\/\/www.promotio.sk\/cs\/wp-json\/wp\/v2\/media?parent=30412"}],"wp:term":[{"taxonomy":"product_cat","embeddable":true,"href":"https:\/\/www.promotio.sk\/cs\/wp-json\/wp\/v2\/product_cat?post=30412"},{"taxonomy":"product_tag","embeddable":true,"href":"https:\/\/www.promotio.sk\/cs\/wp-json\/wp\/v2\/product_tag?post=30412"}],"curies":[{"name":"wp","href":"https:\/\/api.w.org\/{rel}","templated":true}]}}