{"id":30313,"date":"2024-03-12T00:13:37","date_gmt":"2024-03-11T23:13:37","guid":{"rendered":"https:\/\/www.promotio.sk\/shop\/nezaraden\u00e9\/coria\/"},"modified":"2024-03-12T08:23:13","modified_gmt":"2024-03-12T07:23:13","slug":"coria","status":"publish","type":"product","link":"https:\/\/www.promotio.sk\/cs\/shop\/promo-clothing\/wint_sp\/sport-trousers\/coria\/","title":{"rendered":"CORIA"},"content":{"rendered":"<p>P\u00e1nsk\u00e9 bavln\u011bn\u00e9 kalhoty z hladk\u00e9ho \u00fapletu.<br \/>\n\u00b7 Elastick\u00fd pas s nastavitelnou stahovac\u00ed \u0161\u0148\u016frkou.<br \/>\n\u00b7 Bo\u010dn\u00ed kapsy.<br \/>\n\u00b7 Dvojit\u00e9 pro\u0161\u00edv\u00e1n\u00ed lemu.<br \/>Slo\u017een\u00ed: 100% bavlna, hladk\u00fd \u00faplet, 225 g\/m\u00b2.<br \/>\nVigor\u00e9 \u0161ed\u00e1 barva 58: 85% bavlna \/ 12% visk\u00f3za.<br \/><img decoding=\"async\" src=\"https:\/\/static.gorfactory.es\/pics\/measures\/PA_HO.jpg\"><\/p>","protected":false},"excerpt":{"rendered":"<p>Men&#8217;s cotton trousers in plain knit. \u00b7 Elastic waistband with adjustable drawstring. \u00b7 Side pockets. \u00b7 Double stitching on the<\/p>","protected":false},"featured_media":30314,"comment_status":"open","ping_status":"closed","template":"","meta":[],"product_cat":[547,533],"product_tag":[],"class_list":{"0":"post-30313","1":"product","2":"type-product","3":"status-publish","4":"has-post-thumbnail","6":"product_cat-sport-trousers","7":"product_cat-wint_sp","9":"first","10":"instock","11":"shipping-taxable","12":"purchasable","13":"product-type-variable"},"_links":{"self":[{"href":"https:\/\/www.promotio.sk\/cs\/wp-json\/wp\/v2\/product\/30313","targetHints":{"allow":["GET"]}}],"collection":[{"href":"https:\/\/www.promotio.sk\/cs\/wp-json\/wp\/v2\/product"}],"about":[{"href":"https:\/\/www.promotio.sk\/cs\/wp-json\/wp\/v2\/types\/product"}],"replies":[{"embeddable":true,"href":"https:\/\/www.promotio.sk\/cs\/wp-json\/wp\/v2\/comments?post=30313"}],"wp:featuredmedia":[{"embeddable":true,"href":"https:\/\/www.promotio.sk\/cs\/wp-json\/wp\/v2\/media\/30314"}],"wp:attachment":[{"href":"https:\/\/www.promotio.sk\/cs\/wp-json\/wp\/v2\/media?parent=30313"}],"wp:term":[{"taxonomy":"product_cat","embeddable":true,"href":"https:\/\/www.promotio.sk\/cs\/wp-json\/wp\/v2\/product_cat?post=30313"},{"taxonomy":"product_tag","embeddable":true,"href":"https:\/\/www.promotio.sk\/cs\/wp-json\/wp\/v2\/product_tag?post=30313"}],"curies":[{"name":"wp","href":"https:\/\/api.w.org\/{rel}","templated":true}]}}