{"id":30242,"date":"2024-03-12T00:08:54","date_gmt":"2024-03-11T23:08:54","guid":{"rendered":"https:\/\/www.promotio.sk\/shop\/nezaraden\u00e9\/dortmund\/"},"modified":"2024-03-12T08:18:39","modified_gmt":"2024-03-12T07:18:39","slug":"dortmund","status":"publish","type":"product","link":"https:\/\/www.promotio.sk\/cs\/shop\/promo-clothing\/wint_sp\/sh_pant\/dortmund\/","title":{"rendered":"DORTMUND"},"content":{"rendered":"<p>Sportovn\u00ed kra\u0165asy s nastaviteln\u00fdm elastick\u00fdm pasem, vnit\u0159n\u00ed stahovac\u00ed \u0161\u0148\u016frkou a bezpe\u010dnostn\u00edm pro\u0161it\u00edm. Bo\u010dn\u00ed rozparky.<br \/>Slo\u017een\u00ed: polyester 100%, 140 g\/m\u00b2.<br \/>Pozn\u00e1mky: K dispozici v d\u011btsk\u00fdch velikostech.<br \/>\n*Odn\u00edmateln\u00e1 etiketa..<br \/>\n*Technick\u00e1 tkanina.<br \/>\n*Prody\u0161n\u00e1.<br \/>\n<br \/><img decoding=\"async\" src=\"https:\/\/static.gorfactory.es\/pics\/measures\/PA_HO.jpg\"><\/p>","protected":false},"excerpt":{"rendered":"<p>Sports shorts with adjustable elastic waistband, inner drawcord and security stitching. Side slits.Composition: 100% polyester, 140 gsm.Remarks: Available in children&#8217;s<\/p>","protected":false},"featured_media":30243,"comment_status":"open","ping_status":"closed","template":"","meta":[],"product_cat":[548,533],"product_tag":[],"class_list":{"0":"post-30242","1":"product","2":"type-product","3":"status-publish","4":"has-post-thumbnail","6":"product_cat-sh_pant","7":"product_cat-wint_sp","9":"first","10":"instock","11":"shipping-taxable","12":"purchasable","13":"product-type-variable"},"_links":{"self":[{"href":"https:\/\/www.promotio.sk\/cs\/wp-json\/wp\/v2\/product\/30242","targetHints":{"allow":["GET"]}}],"collection":[{"href":"https:\/\/www.promotio.sk\/cs\/wp-json\/wp\/v2\/product"}],"about":[{"href":"https:\/\/www.promotio.sk\/cs\/wp-json\/wp\/v2\/types\/product"}],"replies":[{"embeddable":true,"href":"https:\/\/www.promotio.sk\/cs\/wp-json\/wp\/v2\/comments?post=30242"}],"wp:featuredmedia":[{"embeddable":true,"href":"https:\/\/www.promotio.sk\/cs\/wp-json\/wp\/v2\/media\/30243"}],"wp:attachment":[{"href":"https:\/\/www.promotio.sk\/cs\/wp-json\/wp\/v2\/media?parent=30242"}],"wp:term":[{"taxonomy":"product_cat","embeddable":true,"href":"https:\/\/www.promotio.sk\/cs\/wp-json\/wp\/v2\/product_cat?post=30242"},{"taxonomy":"product_tag","embeddable":true,"href":"https:\/\/www.promotio.sk\/cs\/wp-json\/wp\/v2\/product_tag?post=30242"}],"curies":[{"name":"wp","href":"https:\/\/api.w.org\/{rel}","templated":true}]}}