{"id":30214,"date":"2024-03-12T00:07:11","date_gmt":"2024-03-11T23:07:11","guid":{"rendered":"https:\/\/www.promotio.sk\/shop\/nezaraden\u00e9\/baruc\/"},"modified":"2024-03-12T08:23:25","modified_gmt":"2024-03-12T07:23:25","slug":"baruc","status":"publish","type":"product","link":"https:\/\/www.promotio.sk\/cs\/shop\/promo-clothing\/wint_sp\/sport-trousers\/baruc\/","title":{"rendered":"BARUC"},"content":{"rendered":"<p>Plisovan\u00e9 kalhoty z lehk\u00e9 l\u00e1tky. Pas ze stejn\u00e9 l\u00e1tky s vnit\u0159n\u00ed gumou. Kapsy integrovan\u00e9 v bo\u010dn\u00edch \u0161vech. P\u0159edn\u00ed a zadn\u00ed sklady na kolenou. Skryt\u00e9 zipy v man\u017eet\u00e1ch kotn\u00edk\u016f. Logo Roly ve stejn\u00e9m stylu na lev\u00e9 kapse.<br \/>Slo\u017een\u00ed: 80% polyester, 17% visk\u00f3za a 3% elastan, 310 gsm.<br \/>Pozn\u00e1mky: * Unisex.<br \/>\n* Odn\u00edmateln\u00fd \u0161t\u00edtek.<br \/>\n<br \/><img decoding=\"async\" src=\"https:\/\/static.gorfactory.es\/pics\/measures\/PA_HO.jpg\"><\/p>","protected":false},"excerpt":{"rendered":"<p>Pleated one-piece trousers in light fabric. Waist in same fabric with inner elastic band. Pockets integrated in side seams. Front<\/p>","protected":false},"featured_media":30215,"comment_status":"open","ping_status":"closed","template":"","meta":[],"product_cat":[547,533],"product_tag":[],"class_list":{"0":"post-30214","1":"product","2":"type-product","3":"status-publish","4":"has-post-thumbnail","6":"product_cat-sport-trousers","7":"product_cat-wint_sp","9":"first","10":"instock","11":"shipping-taxable","12":"purchasable","13":"product-type-variable"},"_links":{"self":[{"href":"https:\/\/www.promotio.sk\/cs\/wp-json\/wp\/v2\/product\/30214","targetHints":{"allow":["GET"]}}],"collection":[{"href":"https:\/\/www.promotio.sk\/cs\/wp-json\/wp\/v2\/product"}],"about":[{"href":"https:\/\/www.promotio.sk\/cs\/wp-json\/wp\/v2\/types\/product"}],"replies":[{"embeddable":true,"href":"https:\/\/www.promotio.sk\/cs\/wp-json\/wp\/v2\/comments?post=30214"}],"wp:featuredmedia":[{"embeddable":true,"href":"https:\/\/www.promotio.sk\/cs\/wp-json\/wp\/v2\/media\/30215"}],"wp:attachment":[{"href":"https:\/\/www.promotio.sk\/cs\/wp-json\/wp\/v2\/media?parent=30214"}],"wp:term":[{"taxonomy":"product_cat","embeddable":true,"href":"https:\/\/www.promotio.sk\/cs\/wp-json\/wp\/v2\/product_cat?post=30214"},{"taxonomy":"product_tag","embeddable":true,"href":"https:\/\/www.promotio.sk\/cs\/wp-json\/wp\/v2\/product_tag?post=30214"}],"curies":[{"name":"wp","href":"https:\/\/api.w.org\/{rel}","templated":true}]}}