{"id":30094,"date":"2024-03-11T23:58:14","date_gmt":"2024-03-11T22:58:14","guid":{"rendered":"https:\/\/www.promotio.sk\/shop\/nezaraden\u00e9\/adelpho-woman\/"},"modified":"2024-03-12T08:24:03","modified_gmt":"2024-03-12T07:24:03","slug":"adelpho-woman","status":"publish","type":"product","link":"https:\/\/www.promotio.sk\/cs\/shop\/promo-clothing\/wint_sp\/sport-trousers\/adelpho-woman\/","title":{"rendered":"ADELPHO \u017dENA"},"content":{"rendered":"<p>Dlouh\u00e9 sportovn\u00ed kalhoty s \u0161irok\u00fdm nastaviteln\u00fdm pasem se stahovac\u00ed \u0161\u0148\u016frkou. Bo\u010dn\u00ed kapsy. P\u0159il\u00e9hav\u00e9 man\u017eety na nohavic\u00edch. <br \/>Slo\u017een\u00ed: 60% bavlna \/ 40% polyester, ne\u010desan\u00fd fleece, 280 gsm.<br \/>\nHeather \u0161ed\u00e1 58: 85% bavlna \/ 15% visk\u00f3za.<br \/>Pozn\u00e1mky: *Odn\u00edmateln\u00fd \u0161t\u00edtek.<br \/>\n*Koncept dua.<br \/>\n<br \/><img decoding=\"async\" src=\"https:\/\/static.gorfactory.es\/pics\/measures\/PA_MU.jpg\"><\/p>","protected":false},"excerpt":{"rendered":"<p>Long sports trousers with wide adjustable waistband with drawcord. Side pockets. Fitted cuffs on legs. Composition: 60% cotton \/ 40%<\/p>","protected":false},"featured_media":30095,"comment_status":"open","ping_status":"closed","template":"","meta":[],"product_cat":[547,533],"product_tag":[],"class_list":{"0":"post-30094","1":"product","2":"type-product","3":"status-publish","4":"has-post-thumbnail","6":"product_cat-sport-trousers","7":"product_cat-wint_sp","9":"first","10":"instock","11":"shipping-taxable","12":"purchasable","13":"product-type-variable"},"_links":{"self":[{"href":"https:\/\/www.promotio.sk\/cs\/wp-json\/wp\/v2\/product\/30094","targetHints":{"allow":["GET"]}}],"collection":[{"href":"https:\/\/www.promotio.sk\/cs\/wp-json\/wp\/v2\/product"}],"about":[{"href":"https:\/\/www.promotio.sk\/cs\/wp-json\/wp\/v2\/types\/product"}],"replies":[{"embeddable":true,"href":"https:\/\/www.promotio.sk\/cs\/wp-json\/wp\/v2\/comments?post=30094"}],"wp:featuredmedia":[{"embeddable":true,"href":"https:\/\/www.promotio.sk\/cs\/wp-json\/wp\/v2\/media\/30095"}],"wp:attachment":[{"href":"https:\/\/www.promotio.sk\/cs\/wp-json\/wp\/v2\/media?parent=30094"}],"wp:term":[{"taxonomy":"product_cat","embeddable":true,"href":"https:\/\/www.promotio.sk\/cs\/wp-json\/wp\/v2\/product_cat?post=30094"},{"taxonomy":"product_tag","embeddable":true,"href":"https:\/\/www.promotio.sk\/cs\/wp-json\/wp\/v2\/product_tag?post=30094"}],"curies":[{"name":"wp","href":"https:\/\/api.w.org\/{rel}","templated":true}]}}