{"id":29996,"date":"2024-03-11T23:51:13","date_gmt":"2024-03-11T22:51:13","guid":{"rendered":"https:\/\/www.promotio.sk\/shop\/nezaraden\u00e9\/new-astun\/"},"modified":"2024-03-12T08:24:29","modified_gmt":"2024-03-12T07:24:29","slug":"new-astun","status":"publish","type":"product","link":"https:\/\/www.promotio.sk\/cs\/shop\/promo-clothing\/wint_sp\/sport-trousers\/new-astun\/","title":{"rendered":"NOV\u00dd ASTUN"},"content":{"rendered":"<p>Kalhoty rovn\u00e9ho st\u0159ihu se dv\u011bma bo\u010dn\u00edmi kapsami a nastaviteln\u00fdm elastick\u00fdm pasem se stahovac\u00ed \u0161\u0148\u016frkou. <br \/>Slo\u017een\u00ed: 50% bavlna \/ 50% polyester, \u010desan\u00fd fleece, 280 gsm.<br \/>\nV\u0159esov\u011b \u0161ed\u00e1 58: 40% polyester \/ 55% bavlna \/ 5% visk\u00f3za. <br \/>Pozn\u00e1mky: *Odn\u00edmateln\u00fd \u0161t\u00edtek.<br \/>\n*Dostupn\u00e9 v d\u011btsk\u00fdch velikostech.<br \/><img decoding=\"async\" src=\"https:\/\/static.gorfactory.es\/pics\/measures\/PA1173.jpg\"><\/p>","protected":false},"excerpt":{"rendered":"<p>Straight-cut trousers with two side pockets and adjustable elastic waist with drawcord. Composition: 50% cotton \/ 50% polyester, brushed fleece,<\/p>","protected":false},"featured_media":29997,"comment_status":"open","ping_status":"closed","template":"","meta":[],"product_cat":[547,533],"product_tag":[],"class_list":{"0":"post-29996","1":"product","2":"type-product","3":"status-publish","4":"has-post-thumbnail","6":"product_cat-sport-trousers","7":"product_cat-wint_sp","9":"first","10":"instock","11":"shipping-taxable","12":"purchasable","13":"product-type-variable"},"_links":{"self":[{"href":"https:\/\/www.promotio.sk\/cs\/wp-json\/wp\/v2\/product\/29996","targetHints":{"allow":["GET"]}}],"collection":[{"href":"https:\/\/www.promotio.sk\/cs\/wp-json\/wp\/v2\/product"}],"about":[{"href":"https:\/\/www.promotio.sk\/cs\/wp-json\/wp\/v2\/types\/product"}],"replies":[{"embeddable":true,"href":"https:\/\/www.promotio.sk\/cs\/wp-json\/wp\/v2\/comments?post=29996"}],"wp:featuredmedia":[{"embeddable":true,"href":"https:\/\/www.promotio.sk\/cs\/wp-json\/wp\/v2\/media\/29997"}],"wp:attachment":[{"href":"https:\/\/www.promotio.sk\/cs\/wp-json\/wp\/v2\/media?parent=29996"}],"wp:term":[{"taxonomy":"product_cat","embeddable":true,"href":"https:\/\/www.promotio.sk\/cs\/wp-json\/wp\/v2\/product_cat?post=29996"},{"taxonomy":"product_tag","embeddable":true,"href":"https:\/\/www.promotio.sk\/cs\/wp-json\/wp\/v2\/product_tag?post=29996"}],"curies":[{"name":"wp","href":"https:\/\/api.w.org\/{rel}","templated":true}]}}