{"id":29934,"date":"2024-03-11T23:45:50","date_gmt":"2024-03-11T22:45:50","guid":{"rendered":"https:\/\/www.promotio.sk\/shop\/nezaraden\u00e9\/arsenal\/"},"modified":"2024-03-12T08:18:55","modified_gmt":"2024-03-12T07:18:55","slug":"arsenal","status":"publish","type":"product","link":"https:\/\/www.promotio.sk\/cs\/shop\/promo-clothing\/wint_sp\/sh_pant\/arsenal\/","title":{"rendered":"ARZEN\u00c1L"},"content":{"rendered":"<p>Unisexov\u00e9 brank\u00e1\u0159sk\u00e9 kra\u0165asy.<br \/>\n1. Pro\u0161\u00edvan\u00e9 vycp\u00e1vky po stran\u00e1ch.<br \/>\n2. Elastick\u00fd pas s nastavitelnou vnit\u0159n\u00ed stahovac\u00ed \u0161\u0148\u016frkou.<br \/>Slo\u017een\u00ed: 100% polyester, 250 gsm.<br \/>Pozn\u00e1mky: *Odn\u00edmateln\u00fd \u0161t\u00edtek.<br \/>\n*Technick\u00e1 tkanina.<br \/>\n*Prody\u0161n\u00e1.<br \/>\n<br \/><img decoding=\"async\" src=\"https:\/\/static.gorfactory.es\/pics\/measures\/PA_HO.jpg\"><\/p>","protected":false},"excerpt":{"rendered":"<p>Unisex goalkeeper shorts. 1. Quilted pads on sides. 2. Elastic waistband with adjustable inner drawcord.Composition: 100% polyester, 250 gsm.Remarks: *Removable<\/p>","protected":false},"featured_media":29935,"comment_status":"open","ping_status":"closed","template":"","meta":[],"product_cat":[548,533],"product_tag":[],"class_list":{"0":"post-29934","1":"product","2":"type-product","3":"status-publish","4":"has-post-thumbnail","6":"product_cat-sh_pant","7":"product_cat-wint_sp","9":"first","10":"instock","11":"shipping-taxable","12":"purchasable","13":"product-type-variable"},"_links":{"self":[{"href":"https:\/\/www.promotio.sk\/cs\/wp-json\/wp\/v2\/product\/29934","targetHints":{"allow":["GET"]}}],"collection":[{"href":"https:\/\/www.promotio.sk\/cs\/wp-json\/wp\/v2\/product"}],"about":[{"href":"https:\/\/www.promotio.sk\/cs\/wp-json\/wp\/v2\/types\/product"}],"replies":[{"embeddable":true,"href":"https:\/\/www.promotio.sk\/cs\/wp-json\/wp\/v2\/comments?post=29934"}],"wp:featuredmedia":[{"embeddable":true,"href":"https:\/\/www.promotio.sk\/cs\/wp-json\/wp\/v2\/media\/29935"}],"wp:attachment":[{"href":"https:\/\/www.promotio.sk\/cs\/wp-json\/wp\/v2\/media?parent=29934"}],"wp:term":[{"taxonomy":"product_cat","embeddable":true,"href":"https:\/\/www.promotio.sk\/cs\/wp-json\/wp\/v2\/product_cat?post=29934"},{"taxonomy":"product_tag","embeddable":true,"href":"https:\/\/www.promotio.sk\/cs\/wp-json\/wp\/v2\/product_tag?post=29934"}],"curies":[{"name":"wp","href":"https:\/\/api.w.org\/{rel}","templated":true}]}}