{"id":29897,"date":"2024-03-11T23:42:50","date_gmt":"2024-03-11T22:42:50","guid":{"rendered":"https:\/\/www.promotio.sk\/shop\/nezaraden\u00e9\/neapolis\/"},"modified":"2024-03-12T08:25:08","modified_gmt":"2024-03-12T07:25:08","slug":"neapolis","status":"publish","type":"product","link":"https:\/\/www.promotio.sk\/cs\/shop\/promo-clothing\/wint_sp\/sport-trousers\/neapolis\/","title":{"rendered":"NEAPOL"},"content":{"rendered":"<p>\u00dazk\u00e9 dlouh\u00e9 kalhoty.<br \/>\n1. Nastaviteln\u00fd elastick\u00fd pas se stahovac\u00ed \u0161\u0148\u016frkou.<br \/>\n2. Bo\u010dn\u00ed kapsy.<br \/>\n3. Pr\u016f\u0159ezy uprost\u0159ed nohy.<br \/>\n4. Bo\u010dn\u00ed rozparky na spodn\u00edm lemu se zipy.<br \/>Slo\u017een\u00ed: 100% polyester, 200 gsm.<br \/>Pozn\u00e1mky: Kalhoty lad\u00ed s mikinou EPIRO a ILIADA.<br \/>\n* Odn\u00edmateln\u00fd \u0161t\u00edtek.<br \/>\n*Technick\u00e1 tkanina.<br \/>\n*3 roky v katalogu.<br \/><img decoding=\"async\" src=\"https:\/\/static.gorfactory.es\/pics\/measures\/PA_HO.jpg\"><\/p>","protected":false},"excerpt":{"rendered":"<p>Skinny long pants. 1. Adjustable elastic waistband with drawcord. 2. Side pockets. 3. Cross sections in the middle of the<\/p>","protected":false},"featured_media":29898,"comment_status":"open","ping_status":"closed","template":"","meta":[],"product_cat":[547,533],"product_tag":[],"class_list":{"0":"post-29897","1":"product","2":"type-product","3":"status-publish","4":"has-post-thumbnail","6":"product_cat-sport-trousers","7":"product_cat-wint_sp","9":"first","10":"instock","11":"shipping-taxable","12":"purchasable","13":"product-type-variable"},"_links":{"self":[{"href":"https:\/\/www.promotio.sk\/cs\/wp-json\/wp\/v2\/product\/29897","targetHints":{"allow":["GET"]}}],"collection":[{"href":"https:\/\/www.promotio.sk\/cs\/wp-json\/wp\/v2\/product"}],"about":[{"href":"https:\/\/www.promotio.sk\/cs\/wp-json\/wp\/v2\/types\/product"}],"replies":[{"embeddable":true,"href":"https:\/\/www.promotio.sk\/cs\/wp-json\/wp\/v2\/comments?post=29897"}],"wp:featuredmedia":[{"embeddable":true,"href":"https:\/\/www.promotio.sk\/cs\/wp-json\/wp\/v2\/media\/29898"}],"wp:attachment":[{"href":"https:\/\/www.promotio.sk\/cs\/wp-json\/wp\/v2\/media?parent=29897"}],"wp:term":[{"taxonomy":"product_cat","embeddable":true,"href":"https:\/\/www.promotio.sk\/cs\/wp-json\/wp\/v2\/product_cat?post=29897"},{"taxonomy":"product_tag","embeddable":true,"href":"https:\/\/www.promotio.sk\/cs\/wp-json\/wp\/v2\/product_tag?post=29897"}],"curies":[{"name":"wp","href":"https:\/\/api.w.org\/{rel}","templated":true}]}}