{"id":29517,"date":"2024-03-11T23:12:56","date_gmt":"2024-03-11T22:12:56","guid":{"rendered":"https:\/\/www.promotio.sk\/shop\/nezaraden\u00e9\/gales\/"},"modified":"2024-03-12T08:15:38","modified_gmt":"2024-03-12T07:15:38","slug":"gales","status":"publish","type":"product","link":"https:\/\/www.promotio.sk\/cs\/shop\/promo-clothing\/wint_sp\/leggins\/gales\/","title":{"rendered":"VICH\u0158ICE"},"content":{"rendered":"<p>Kr\u00e1tk\u00e9 kompresn\u00ed leg\u00edny z recyklovan\u00e9ho polyesteru.<br \/>\n\u00b7 Silikonov\u00fd vysok\u00fd pas pro lep\u0161\u00ed padnut\u00ed.<br \/>\n\u00b7 Laserov\u011b \u0159ezan\u00e9 zakon\u010den\u00ed v pase.<br \/>\n\u00b7 \u0160vy proti t\u0159en\u00ed po cel\u00e9m od\u011bvu.<br \/>\n\u00b7 Vyrobeno z d\u00edl\u016f pro perfektn\u00ed padnut\u00ed.<br \/>Slo\u017een\u00ed: 75% recyklovan\u00fd polyester \/ 25% elastanov\u00fd interlock, 255 g\/m\u00b2.<\/p>","protected":false},"excerpt":{"rendered":"<p>Short compressor leggings made of recycled polyester. \u00b7 Silicone high waist for a better fit. \u00b7 Laser cut finishes on<\/p>","protected":false},"featured_media":29518,"comment_status":"open","ping_status":"closed","template":"","meta":[],"product_cat":[549,533],"product_tag":[],"class_list":{"0":"post-29517","1":"product","2":"type-product","3":"status-publish","4":"has-post-thumbnail","6":"product_cat-leggins","7":"product_cat-wint_sp","9":"first","10":"instock","11":"shipping-taxable","12":"purchasable","13":"product-type-variable"},"_links":{"self":[{"href":"https:\/\/www.promotio.sk\/cs\/wp-json\/wp\/v2\/product\/29517","targetHints":{"allow":["GET"]}}],"collection":[{"href":"https:\/\/www.promotio.sk\/cs\/wp-json\/wp\/v2\/product"}],"about":[{"href":"https:\/\/www.promotio.sk\/cs\/wp-json\/wp\/v2\/types\/product"}],"replies":[{"embeddable":true,"href":"https:\/\/www.promotio.sk\/cs\/wp-json\/wp\/v2\/comments?post=29517"}],"wp:featuredmedia":[{"embeddable":true,"href":"https:\/\/www.promotio.sk\/cs\/wp-json\/wp\/v2\/media\/29518"}],"wp:attachment":[{"href":"https:\/\/www.promotio.sk\/cs\/wp-json\/wp\/v2\/media?parent=29517"}],"wp:term":[{"taxonomy":"product_cat","embeddable":true,"href":"https:\/\/www.promotio.sk\/cs\/wp-json\/wp\/v2\/product_cat?post=29517"},{"taxonomy":"product_tag","embeddable":true,"href":"https:\/\/www.promotio.sk\/cs\/wp-json\/wp\/v2\/product_tag?post=29517"}],"curies":[{"name":"wp","href":"https:\/\/api.w.org\/{rel}","templated":true}]}}