{"id":29481,"date":"2024-03-11T23:09:18","date_gmt":"2024-03-11T22:09:18","guid":{"rendered":"https:\/\/www.promotio.sk\/shop\/nezaraden\u00e9\/adelaida\/"},"modified":"2024-03-12T08:16:15","modified_gmt":"2024-03-12T07:16:15","slug":"adelaida","status":"publish","type":"product","link":"https:\/\/www.promotio.sk\/cs\/shop\/promo-clothing\/wint_sp\/leggins\/adelaida\/","title":{"rendered":"ADELAIDA"},"content":{"rendered":"<p>Breathable long sports leggings for women, with elastic waistband and inner crossed cord for easy adjustment. High-visibility details. Front inner pocket. Elastic and body fitting fabric.<br \/>Composition: 88% polyester interlock \/ 12% elastane, 280 gsm.<br \/>Pozn\u00e1mky: Snadno schnouc\u00ed prody\u0161n\u00e1 tkanina.<br \/>\n* Odn\u00edmateln\u00fd \u0161t\u00edtek.<\/p>","protected":false},"excerpt":{"rendered":"<p>Breathable long sports leggings for women, with elastic waistband and inner crossed cord for easy adjustment. High-visibility details. Front inner<\/p>","protected":false},"featured_media":29482,"comment_status":"open","ping_status":"closed","template":"","meta":[],"product_cat":[549,533],"product_tag":[],"class_list":{"0":"post-29481","1":"product","2":"type-product","3":"status-publish","4":"has-post-thumbnail","6":"product_cat-leggins","7":"product_cat-wint_sp","9":"first","10":"instock","11":"shipping-taxable","12":"purchasable","13":"product-type-variable"},"_links":{"self":[{"href":"https:\/\/www.promotio.sk\/cs\/wp-json\/wp\/v2\/product\/29481","targetHints":{"allow":["GET"]}}],"collection":[{"href":"https:\/\/www.promotio.sk\/cs\/wp-json\/wp\/v2\/product"}],"about":[{"href":"https:\/\/www.promotio.sk\/cs\/wp-json\/wp\/v2\/types\/product"}],"replies":[{"embeddable":true,"href":"https:\/\/www.promotio.sk\/cs\/wp-json\/wp\/v2\/comments?post=29481"}],"wp:featuredmedia":[{"embeddable":true,"href":"https:\/\/www.promotio.sk\/cs\/wp-json\/wp\/v2\/media\/29482"}],"wp:attachment":[{"href":"https:\/\/www.promotio.sk\/cs\/wp-json\/wp\/v2\/media?parent=29481"}],"wp:term":[{"taxonomy":"product_cat","embeddable":true,"href":"https:\/\/www.promotio.sk\/cs\/wp-json\/wp\/v2\/product_cat?post=29481"},{"taxonomy":"product_tag","embeddable":true,"href":"https:\/\/www.promotio.sk\/cs\/wp-json\/wp\/v2\/product_tag?post=29481"}],"curies":[{"name":"wp","href":"https:\/\/api.w.org\/{rel}","templated":true}]}}