{"id":29228,"date":"2024-03-11T22:48:23","date_gmt":"2024-03-11T21:48:23","guid":{"rendered":"https:\/\/www.promotio.sk\/shop\/nezaraden\u00e9\/sport\/"},"modified":"2024-03-12T08:20:23","modified_gmt":"2024-03-12T07:20:23","slug":"sport","status":"publish","type":"product","link":"https:\/\/www.promotio.sk\/cs\/shop\/promo-clothing\/wint_sp\/sh_pant\/sport\/","title":{"rendered":"SPORT"},"content":{"rendered":"<p>Unisexov\u00e9 kra\u0165asy s bo\u010dn\u00edmi kapsami a elastick\u00fdm pasem se stahovac\u00ed \u0161\u0148\u016frkou.<br \/>Slo\u017een\u00ed: 100% bavlna, single jersey, 200 g\/m\u00b2.<br \/>\nHeather \u0161ed\u00e1 58: 85% bavlna \/ 15% visk\u00f3za.<br \/>Pozn\u00e1mky: *V\u0159esov\u011b \u0161ed\u00e1 58: 85% bavlna \/ 15% visk\u00f3za.<br \/>\n* Odn\u00edmateln\u00fd \u0161t\u00edtek.<br \/>\n*Dostupn\u00e9 v d\u011btsk\u00fdch velikostech.<\/p>","protected":false},"excerpt":{"rendered":"<p>Unisex shorts with side pockets and elastic waist with adjustable drawcord.Composition: 100% cotton, single jersey, 200 gsm. Heather grey 58:<\/p>","protected":false},"featured_media":29229,"comment_status":"open","ping_status":"closed","template":"","meta":[],"product_cat":[548,533],"product_tag":[],"class_list":{"0":"post-29228","1":"product","2":"type-product","3":"status-publish","4":"has-post-thumbnail","6":"product_cat-sh_pant","7":"product_cat-wint_sp","9":"first","10":"instock","11":"shipping-taxable","12":"purchasable","13":"product-type-variable"},"_links":{"self":[{"href":"https:\/\/www.promotio.sk\/cs\/wp-json\/wp\/v2\/product\/29228","targetHints":{"allow":["GET"]}}],"collection":[{"href":"https:\/\/www.promotio.sk\/cs\/wp-json\/wp\/v2\/product"}],"about":[{"href":"https:\/\/www.promotio.sk\/cs\/wp-json\/wp\/v2\/types\/product"}],"replies":[{"embeddable":true,"href":"https:\/\/www.promotio.sk\/cs\/wp-json\/wp\/v2\/comments?post=29228"}],"wp:featuredmedia":[{"embeddable":true,"href":"https:\/\/www.promotio.sk\/cs\/wp-json\/wp\/v2\/media\/29229"}],"wp:attachment":[{"href":"https:\/\/www.promotio.sk\/cs\/wp-json\/wp\/v2\/media?parent=29228"}],"wp:term":[{"taxonomy":"product_cat","embeddable":true,"href":"https:\/\/www.promotio.sk\/cs\/wp-json\/wp\/v2\/product_cat?post=29228"},{"taxonomy":"product_tag","embeddable":true,"href":"https:\/\/www.promotio.sk\/cs\/wp-json\/wp\/v2\/product_tag?post=29228"}],"curies":[{"name":"wp","href":"https:\/\/api.w.org\/{rel}","templated":true}]}}