{"id":28994,"date":"2024-03-11T22:30:13","date_gmt":"2024-03-11T21:30:13","guid":{"rendered":"https:\/\/www.promotio.sk\/shop\/nezaraden\u00e9\/lanus\/"},"modified":"2024-03-12T08:22:07","modified_gmt":"2024-03-12T07:22:07","slug":"lanus","status":"publish","type":"product","link":"https:\/\/www.promotio.sk\/cs\/shop\/promo-clothing\/wint_sp\/sh_pant\/lanus\/","title":{"rendered":"LANUS"},"content":{"rendered":"<p>D\u00e1msk\u00e9 sportovn\u00ed kra\u0165asy s kontrastn\u00edmi vnit\u0159n\u00edmi kr\u00e1tk\u00fdmi leg\u00ednami. Elastick\u00fd pas s p\u0159ek\u0159\u00ed\u017eenou vnit\u0159n\u00ed stahovac\u00ed \u0161\u0148\u016frkou pro snadn\u00e9 nastaven\u00ed. Viditeln\u00fd detail. P\u0159il\u00e9hav\u00fd st\u0159ih a speci\u00e1ln\u00ed elastick\u00e1 tkanina pro b\u011bh.<br \/>Slo\u017een\u00ed: Materi\u00e1l: polyester 90% \/ elastan 10%, 130 g\/m\u00b2.<br \/>\nKr\u00e1tk\u00e9 leg\u00edny: 84% polyester \/ 16% elastan, 170 g\/m\u00b2.<br \/>Pozn\u00e1mky: Snadno schnouc\u00ed prody\u0161n\u00e1 tkanina.<br \/>\n* Odn\u00edmateln\u00fd \u0161t\u00edtek.<br \/><img decoding=\"async\" src=\"https:\/\/static.gorfactory.es\/pics\/measures\/BE_MU.jpg\"><\/p>","protected":false},"excerpt":{"rendered":"<p>Women&#8217;s sports shorts with contrasting inner short leggings. Elastic waistband with crossed inner drawcord for easy adjustment. High-visibility detail. Body<\/p>","protected":false},"featured_media":28995,"comment_status":"open","ping_status":"closed","template":"","meta":[],"product_cat":[548,533],"product_tag":[],"class_list":{"0":"post-28994","1":"product","2":"type-product","3":"status-publish","4":"has-post-thumbnail","6":"product_cat-sh_pant","7":"product_cat-wint_sp","9":"first","10":"instock","11":"shipping-taxable","12":"purchasable","13":"product-type-variable"},"_links":{"self":[{"href":"https:\/\/www.promotio.sk\/cs\/wp-json\/wp\/v2\/product\/28994","targetHints":{"allow":["GET"]}}],"collection":[{"href":"https:\/\/www.promotio.sk\/cs\/wp-json\/wp\/v2\/product"}],"about":[{"href":"https:\/\/www.promotio.sk\/cs\/wp-json\/wp\/v2\/types\/product"}],"replies":[{"embeddable":true,"href":"https:\/\/www.promotio.sk\/cs\/wp-json\/wp\/v2\/comments?post=28994"}],"wp:featuredmedia":[{"embeddable":true,"href":"https:\/\/www.promotio.sk\/cs\/wp-json\/wp\/v2\/media\/28995"}],"wp:attachment":[{"href":"https:\/\/www.promotio.sk\/cs\/wp-json\/wp\/v2\/media?parent=28994"}],"wp:term":[{"taxonomy":"product_cat","embeddable":true,"href":"https:\/\/www.promotio.sk\/cs\/wp-json\/wp\/v2\/product_cat?post=28994"},{"taxonomy":"product_tag","embeddable":true,"href":"https:\/\/www.promotio.sk\/cs\/wp-json\/wp\/v2\/product_tag?post=28994"}],"curies":[{"name":"wp","href":"https:\/\/api.w.org\/{rel}","templated":true}]}}