{"id":28942,"date":"2024-03-11T22:02:06","date_gmt":"2024-03-11T21:02:06","guid":{"rendered":"https:\/\/www.promotio.sk\/shop\/nezaraden\u00e9\/arlas\/"},"modified":"2024-03-11T22:04:24","modified_gmt":"2024-03-11T21:04:24","slug":"arlas","status":"publish","type":"product","link":"https:\/\/www.promotio.sk\/cs\/shop\/promo-clothing\/wint_sp\/sport-shirts\/arlas\/","title":{"rendered":"ARLAS"},"content":{"rendered":"<p>D\u00e1msk\u00e1 technick\u00e1 ragl\u00e1nov\u00e1 mikina s dlouh\u00fdm ruk\u00e1vem. Pod\u0161\u00edvka z ply\u0161ov\u00e9ho \u00fapletu. Zes\u00edlen\u00e9 skryt\u00e9 \u0161vy v l\u00edmci. Slad\u011bn\u00fd obr\u00e1cen\u00fd polovi\u010dn\u00ed zip s detailem. Otvor na palec v man\u017eet\u00e1ch. Ob\u0161it\u00e9 \u0161vy na ragl\u00e1nov\u00fdch ruk\u00e1vech a bo\u010dn\u00edch panelech. Viditeln\u00e9 logo Roly na lev\u00e9m bo\u010dn\u00edm panelu.<br \/>Slo\u017een\u00ed: recyklovan\u00fd polyester 94% a elastan 6%, 200 g\/m\u00b2.<br \/>Pozn\u00e1mky: * Odn\u00edmateln\u00fd \u0161t\u00edtek<br \/><img decoding=\"async\" src=\"https:\/\/static.gorfactory.es\/pics\/measures\/SU_MU.jpg\"><\/p>","protected":false},"excerpt":{"rendered":"<p>Technical long-sleeve raglan sweatshirt for women. Plush knit lining. Reinforced covered seams in collar. Matching inverted half zip with detail.<\/p>","protected":false},"featured_media":28943,"comment_status":"open","ping_status":"closed","template":"","meta":[],"product_cat":[535,533],"product_tag":[],"class_list":{"0":"post-28942","1":"product","2":"type-product","3":"status-publish","4":"has-post-thumbnail","6":"product_cat-sport-shirts","7":"product_cat-wint_sp","9":"first","10":"instock","11":"shipping-taxable","12":"purchasable","13":"product-type-variable"},"_links":{"self":[{"href":"https:\/\/www.promotio.sk\/cs\/wp-json\/wp\/v2\/product\/28942","targetHints":{"allow":["GET"]}}],"collection":[{"href":"https:\/\/www.promotio.sk\/cs\/wp-json\/wp\/v2\/product"}],"about":[{"href":"https:\/\/www.promotio.sk\/cs\/wp-json\/wp\/v2\/types\/product"}],"replies":[{"embeddable":true,"href":"https:\/\/www.promotio.sk\/cs\/wp-json\/wp\/v2\/comments?post=28942"}],"wp:featuredmedia":[{"embeddable":true,"href":"https:\/\/www.promotio.sk\/cs\/wp-json\/wp\/v2\/media\/28943"}],"wp:attachment":[{"href":"https:\/\/www.promotio.sk\/cs\/wp-json\/wp\/v2\/media?parent=28942"}],"wp:term":[{"taxonomy":"product_cat","embeddable":true,"href":"https:\/\/www.promotio.sk\/cs\/wp-json\/wp\/v2\/product_cat?post=28942"},{"taxonomy":"product_tag","embeddable":true,"href":"https:\/\/www.promotio.sk\/cs\/wp-json\/wp\/v2\/product_tag?post=28942"}],"curies":[{"name":"wp","href":"https:\/\/api.w.org\/{rel}","templated":true}]}}