{"id":28878,"date":"2024-03-11T21:58:55","date_gmt":"2024-03-11T20:58:55","guid":{"rendered":"https:\/\/www.promotio.sk\/shop\/nezaraden\u00e9\/glasgow-woman\/"},"modified":"2024-03-11T22:01:48","modified_gmt":"2024-03-11T21:01:48","slug":"glasgow-woman","status":"publish","type":"product","link":"https:\/\/www.promotio.sk\/cs\/shop\/promo-clothing\/wint_sp\/windbreak\/glasgow-woman\/","title":{"rendered":"GLASGOW WOMAN"},"content":{"rendered":"<p>V\u011btruvzdorn\u00e1 bunda z lehk\u00e9 technick\u00e9 tkaniny:<br \/>\n1. Vnit\u0159n\u00ed l\u00edmec s prody\u0161nou pod\u0161\u00edvkou a zakryt\u00fdmi \u0161vy.<br \/>\n2. Obr\u00e1cen\u00fd zip s vysoce viditeln\u00fdm detailem, chr\u00e1ni\u010dem brady a stahovac\u00edm p\u00e1skem.<br \/>\n3. Ragl\u00e1nov\u00e9 ruk\u00e1vy.<br \/>\n4. Prody\u0161n\u00e1 l\u00e1tka na pr\u016framc\u00edch.<br \/>\n5. P\u0159edn\u00ed kapsy se zipy.<br \/>\n6. P\u0159il\u00e9hav\u00fd st\u0159ih.<br \/>\n7. Vnit\u0159n\u00ed kapsa pro slo\u017een\u00ed od\u011bvu.<br \/>\n8. Man\u017eety s elastick\u00fdm lemem.<br \/>\n9. Viditeln\u00e9 detaily na z\u00e1dech.<br \/>\n10. Z\u00e1da o n\u011bco del\u0161\u00ed.<br \/>Slo\u017een\u00ed: 100% \u010dty\u0159vrstv\u00fd ripstopov\u00fd polyester, 70 g\/m\u00b2.<br \/>Pozn\u00e1mky: * Odn\u00edmateln\u00fd \u0161t\u00edtek.<br \/>\n* V\u011btruodoln\u00fd model.<br \/>\n* Prody\u0161n\u00fd model.<br \/>\n* Koncept dua.<br \/><img decoding=\"async\" src=\"https:\/\/static.gorfactory.es\/pics\/measures\/CB_HO.jpg\"><\/p>","protected":false},"excerpt":{"rendered":"<p>Windbreaker jacket in light technical fabric: 1. Inner neck lined in breathable fabric with covered seams. 2. Inverted zip with<\/p>","protected":false},"featured_media":28879,"comment_status":"open","ping_status":"closed","template":"","meta":[],"product_cat":[533,536],"product_tag":[],"class_list":{"0":"post-28878","1":"product","2":"type-product","3":"status-publish","4":"has-post-thumbnail","6":"product_cat-wint_sp","7":"product_cat-windbreak","9":"first","10":"instock","11":"shipping-taxable","12":"purchasable","13":"product-type-variable"},"_links":{"self":[{"href":"https:\/\/www.promotio.sk\/cs\/wp-json\/wp\/v2\/product\/28878","targetHints":{"allow":["GET"]}}],"collection":[{"href":"https:\/\/www.promotio.sk\/cs\/wp-json\/wp\/v2\/product"}],"about":[{"href":"https:\/\/www.promotio.sk\/cs\/wp-json\/wp\/v2\/types\/product"}],"replies":[{"embeddable":true,"href":"https:\/\/www.promotio.sk\/cs\/wp-json\/wp\/v2\/comments?post=28878"}],"wp:featuredmedia":[{"embeddable":true,"href":"https:\/\/www.promotio.sk\/cs\/wp-json\/wp\/v2\/media\/28879"}],"wp:attachment":[{"href":"https:\/\/www.promotio.sk\/cs\/wp-json\/wp\/v2\/media?parent=28878"}],"wp:term":[{"taxonomy":"product_cat","embeddable":true,"href":"https:\/\/www.promotio.sk\/cs\/wp-json\/wp\/v2\/product_cat?post=28878"},{"taxonomy":"product_tag","embeddable":true,"href":"https:\/\/www.promotio.sk\/cs\/wp-json\/wp\/v2\/product_tag?post=28878"}],"curies":[{"name":"wp","href":"https:\/\/api.w.org\/{rel}","templated":true}]}}