{"id":28795,"date":"2024-03-11T21:54:56","date_gmt":"2024-03-11T20:54:56","guid":{"rendered":"https:\/\/www.promotio.sk\/shop\/nezaraden\u00e9\/glasgow\/"},"modified":"2024-03-11T21:57:45","modified_gmt":"2024-03-11T20:57:45","slug":"glasgow","status":"publish","type":"product","link":"https:\/\/www.promotio.sk\/cs\/shop\/promo-clothing\/wint_sp\/windbreak\/glasgow\/","title":{"rendered":"GLASGOW"},"content":{"rendered":"<p>V\u011btruvzdorn\u00e1 bunda z lehk\u00e9 technick\u00e9 tkaniny:<br \/>\n1. Vnit\u0159n\u00ed l\u00edmec s prody\u0161nou pod\u0161\u00edvkou a zakryt\u00fdmi \u0161vy.<br \/>\n2. Obr\u00e1cen\u00fd zip s vysoce viditeln\u00fdm detailem, chr\u00e1ni\u010dem brady a stahovac\u00edm p\u00e1skem.<br \/>\n3. Breathable fabric on the armholes.<br \/>\n4. Front pockets with zippers.<br \/>\n5. Inside pocket to fold the garment.<br \/>\n6. Cuffs and hem with elastic trim.<br \/>\n7. High-visibility details on the back.<br \/>Slo\u017een\u00ed: 100% \u010dty\u0159vrstv\u00fd ripstopov\u00fd polyester, 70 g\/m\u00b2.<br \/>Pozn\u00e1mky: * Odn\u00edmateln\u00fd \u0161t\u00edtek.<br \/>\n* V\u011btruodoln\u00fd model.<br \/>\n* Breathable.<br \/>\n* Koncept dua<br \/><img decoding=\"async\" src=\"https:\/\/static.gorfactory.es\/pics\/measures\/CB_HO.jpg\"><\/p>","protected":false},"excerpt":{"rendered":"<p>Windbreaker jacket in light technical fabric: 1. Inner neck lined in breathable fabric with covered seams. 2. Inverted zip with<\/p>","protected":false},"featured_media":28797,"comment_status":"open","ping_status":"closed","template":"","meta":[],"product_cat":[533,536],"product_tag":[],"class_list":{"0":"post-28795","1":"product","2":"type-product","3":"status-publish","4":"has-post-thumbnail","6":"product_cat-wint_sp","7":"product_cat-windbreak","9":"first","10":"instock","11":"shipping-taxable","12":"purchasable","13":"product-type-variable"},"_links":{"self":[{"href":"https:\/\/www.promotio.sk\/cs\/wp-json\/wp\/v2\/product\/28795","targetHints":{"allow":["GET"]}}],"collection":[{"href":"https:\/\/www.promotio.sk\/cs\/wp-json\/wp\/v2\/product"}],"about":[{"href":"https:\/\/www.promotio.sk\/cs\/wp-json\/wp\/v2\/types\/product"}],"replies":[{"embeddable":true,"href":"https:\/\/www.promotio.sk\/cs\/wp-json\/wp\/v2\/comments?post=28795"}],"wp:featuredmedia":[{"embeddable":true,"href":"https:\/\/www.promotio.sk\/cs\/wp-json\/wp\/v2\/media\/28797"}],"wp:attachment":[{"href":"https:\/\/www.promotio.sk\/cs\/wp-json\/wp\/v2\/media?parent=28795"}],"wp:term":[{"taxonomy":"product_cat","embeddable":true,"href":"https:\/\/www.promotio.sk\/cs\/wp-json\/wp\/v2\/product_cat?post=28795"},{"taxonomy":"product_tag","embeddable":true,"href":"https:\/\/www.promotio.sk\/cs\/wp-json\/wp\/v2\/product_tag?post=28795"}],"curies":[{"name":"wp","href":"https:\/\/api.w.org\/{rel}","templated":true}]}}