{"id":28644,"date":"2024-03-11T21:47:52","date_gmt":"2024-03-11T20:47:52","guid":{"rendered":"https:\/\/www.promotio.sk\/shop\/nezaraden\u00e9\/angelo\/"},"modified":"2024-03-11T21:52:44","modified_gmt":"2024-03-11T20:52:44","slug":"angelo","status":"publish","type":"product","link":"https:\/\/www.promotio.sk\/cs\/shop\/promo-clothing\/wint_sp\/windbreak\/angelo\/","title":{"rendered":"ANGELO"},"content":{"rendered":"<p>V\u011btrovka s kapuc\u00ed:<br \/>\n1. Centr\u00e1ln\u00ed zip s kontrastn\u00edm chr\u00e1ni\u010dem brady a stahova\u010dem.<br \/>\n2. P\u0159edn\u00ed kapsy s reflexn\u00edm \u017eebrov\u00e1n\u00edm (nejsou k dispozici v mask\u00e1\u010dov\u00e9 barv\u011b).<br \/>\n3. Klokan\u00ed kapsa se such\u00fdm zipem na zadn\u00ed stran\u011b pro slo\u017een\u00ed od\u011bvu.<br \/>\n4. Ruk\u00e1vy a lem s kontrastn\u00edm elastick\u00fdm lemem.<br \/>\n5. Vnit\u0159n\u00ed kapuce s pod\u0161\u00edvkou ze s\u00ed\u0165oviny a zakryt\u00fdmi \u0161vy.<br \/>\nVelikost XS je k dispozici pouze v barv\u011b lesn\u00ed kamufl\u00e1\u017e (232). D\u011btsk\u00e9 velikosti nejsou k dispozici v barv\u011b lesn\u00ed kamufl\u00e1\u017e (232).<br \/>Slo\u017een\u00ed: polyester 100%, 60 g\/m\u00b2.<br \/>Pozn\u00e1mky: *Odn\u00edmateln\u00fd \u0161t\u00edtek.<br \/>\n*V\u011btruodoln\u00fd model.<br \/>\n*K dispozici jsou d\u011btsk\u00e9 velikosti.<\/p>\n<p><img decoding=\"async\" src=\"https:\/\/static.gorfactory.es\/pics\/measures\/CB5088.jpg\"><\/p>","protected":false},"excerpt":{"rendered":"<p>Windbreaker with hood: 1.- Central zip with contrasting chin protector and puller. 2.- Front pockets with high-visibility rib (not available<\/p>","protected":false},"featured_media":28645,"comment_status":"open","ping_status":"closed","template":"","meta":[],"product_cat":[533,536],"product_tag":[],"class_list":{"0":"post-28644","1":"product","2":"type-product","3":"status-publish","4":"has-post-thumbnail","6":"product_cat-wint_sp","7":"product_cat-windbreak","9":"first","10":"instock","11":"shipping-taxable","12":"purchasable","13":"product-type-variable"},"_links":{"self":[{"href":"https:\/\/www.promotio.sk\/cs\/wp-json\/wp\/v2\/product\/28644","targetHints":{"allow":["GET"]}}],"collection":[{"href":"https:\/\/www.promotio.sk\/cs\/wp-json\/wp\/v2\/product"}],"about":[{"href":"https:\/\/www.promotio.sk\/cs\/wp-json\/wp\/v2\/types\/product"}],"replies":[{"embeddable":true,"href":"https:\/\/www.promotio.sk\/cs\/wp-json\/wp\/v2\/comments?post=28644"}],"wp:featuredmedia":[{"embeddable":true,"href":"https:\/\/www.promotio.sk\/cs\/wp-json\/wp\/v2\/media\/28645"}],"wp:attachment":[{"href":"https:\/\/www.promotio.sk\/cs\/wp-json\/wp\/v2\/media?parent=28644"}],"wp:term":[{"taxonomy":"product_cat","embeddable":true,"href":"https:\/\/www.promotio.sk\/cs\/wp-json\/wp\/v2\/product_cat?post=28644"},{"taxonomy":"product_tag","embeddable":true,"href":"https:\/\/www.promotio.sk\/cs\/wp-json\/wp\/v2\/product_tag?post=28644"}],"curies":[{"name":"wp","href":"https:\/\/api.w.org\/{rel}","templated":true}]}}